{"id":1419,"date":"2026-01-12T09:45:31","date_gmt":"2026-01-12T09:45:31","guid":{"rendered":"https:\/\/thecasinobossy.com\/app-2\/"},"modified":"2026-01-12T11:41:42","modified_gmt":"2026-01-12T11:41:42","slug":"app","status":"publish","type":"page","link":"https:\/\/thecasinobossy.com\/de\/app\/","title":{"rendered":"App"},"content":{"rendered":"<h1>Casinobossy App f\u00fcr Mobile und Desktop<\/h1>\n<p>Die Casinobossy App erm\u00f6glicht es Ihnen, alle Ihre Lieblings-Casinospiele auf Ihrem Telefon, Tablet oder Computer zu spielen, egal was Sie bevorzugen. Sie k\u00f6nnen Ihre Lieblingsspiele sofort \u00fcber eine Progressive Web App erreichen, die auf allen Plattformen perfekt funktioniert. Ihr Konto und Ihr Fortschritt werden automatisch zwischen Ger\u00e4ten synchronisiert, sodass Sie zu Hause oder unterwegs spielen k\u00f6nnen.<\/p>\n<p><div class=\"banner-wrap\" aria-label=\"Banner\"><img src=\"https:\/\/thecasinobossy.com\/wp-content\/uploads\/2026\/01\/Casinobossy-banner-carousel-800\u0445400.webp\" class=\"w-100 d-none d-lg-block img-pc main-banner-img\" alt=\"Casinobossy desktop banner\" fetchpriority=\"high\" decoding=\"async\"><img src=\"https:\/\/thecasinobossy.com\/wp-content\/uploads\/2026\/01\/Mobile-banner-1.webp\" class=\"w-100 d-none d-md-block d-lg-none main-banner-img\" alt=\"Mobile banner\" fetchpriority=\"high\" decoding=\"async\"><img src=\"https:\/\/thecasinobossy.com\/wp-content\/uploads\/2026\/01\/Mobile-banner-1.webp\" class=\"w-100 d-md-none\" alt=\"Mobile banner\" fetchpriority=\"high\" decoding=\"async\"><div class=\"banner-description\">\n<div class=\"banner-title\">Willkommensboni<\/div>\n<p class=\"banner-header-title\">1500 \u20ac<\/p>\n<div class=\"banner-header-AdditionalText\">+ 250 Freispiele<\/div>\n<button data-item=\"homepage_banner_link\" class=\"goto m-button m-gradient-border m-button--primary m-button--large banner-button btn-orange\">\n            <div class=\"m-button-content\">\n                <span>Jetzt anmelden<\/span>\n                <span><\/span>\n            <\/div>\n        <\/button>\n<\/div>\n<div class=\"WelcomePack\">\n<p><img loading=\"lazy\" decoding=\"async\" class=\"alignnone size-full wp-image-1338\" src=\"https:\/\/thecasinobossy.com\/wp-content\/uploads\/2026\/01\/welcome-crown.svg\" alt=\"crown\" width=\"25\" height=\"26\" \/><\/p>\n<div class=\"WelcomePack-Info\">W\u00f6chentlicher Cashback von bis zu 25 %<\/div>\n<p><img loading=\"lazy\" decoding=\"async\" class=\"alignnone size-full wp-image-1338\" src=\"https:\/\/thecasinobossy.com\/wp-content\/uploads\/2026\/01\/welcome-crown.svg\" alt=\"crown\" width=\"25\" height=\"26\" \/><\/p>\n<\/div>\n<\/div><div class=\"scrollable-content-wrap my-5\"><div class=\"scrollable-content-inner\"><h2>Casinobossy auf dem Desktop f\u00fcr MacOS oder Windows<\/h2>\n<p>Desktop-Spieler m\u00fcssen keine zus\u00e4tzliche Software herunterladen, um auf Casinobossy zuzugreifen. Sie k\u00f6nnen einfach jeden modernen Webbrowser verwenden. Die Plattform passt sich automatisch an Ihre Bildschirmgr\u00f6\u00dfe an, sodass Sie ein vollst\u00e4ndiges Casino-Erlebnis auf MacOS, Windows oder Linux genie\u00dfen k\u00f6nnen. Geben Sie Ihre Kontoinformationen auf der Casinobossy-Website ein und k\u00f6nnen sofort mit dem Spielen beginnen.<\/p>\n<p>Die Desktop-Version bietet einige Vorteile f\u00fcr Spieler, die gr\u00f6\u00dfere Bildschirme bevorzugen. Mit erweiterten Men\u00fcs und Spiel-Filtern, die prominent im Interface platziert sind, finden Sie sich leichter zurecht. Der gr\u00f6\u00dfere Bildschirm zeigt auch Spielgrafiken detaillierter an, was Slots mit komplexen Animationen und Live-Dealer-Spiele noch echter wirken l\u00e4sst.<\/p>\n<h3>Unterschiede zwischen Desktop- und Mobile-Gameplay<\/h3>\n<p>Das grundlegende Spielerlebnis ist auf allen Ger\u00e4ten dasselbe, aber das Spielen auf einem Desktop-Computer im Vergleich zu einem mobilen Ger\u00e4t unterscheidet sich in einigen Aspekten. Ein Desktop macht es einfacher, Spielregeln einzusehen, Ihr Guthaben zu \u00fcberpr\u00fcfen und mit dem Kundenservice zu sprechen, ohne das Spiel zu unterbrechen.<\/p>\n<p>Touch-basierte Steuerungen und f\u00fcr kleinere Bildschirme optimierte, vereinfachte Schnittstellen sind f\u00fcr jedes Mobile Casino wichtig. Da die Assets optimiert wurden, laden Spiele auf mobilen Ger\u00e4ten etwas schneller. Die Hochkant-Orientierung ist auch perfekt f\u00fcr klassische Online-Slots und Kartenspiele.<\/p>\n<table>\n<tbody>\n<tr>\n<td>Plattform<\/td>\n<td>Ideal f\u00fcr<\/td>\n<td>Hauptvorteil<\/td>\n<\/tr>\n<tr>\n<td>Desktop<\/td>\n<td>L\u00e4ngere Spielsitzungen, Multi-Tisch-Spiel<\/td>\n<td>Gr\u00f6\u00dferer Bildschirm, voller Tastaturzugang<\/td>\n<\/tr>\n<tr>\n<td>Mobile<\/td>\n<td>Kurze Sitzungen, Spielen unterwegs<\/td>\n<td>Portabilit\u00e4t, touch-optimierte Steuerung<\/td>\n<\/tr>\n<\/tbody>\n<\/table>\n<p><img loading=\"lazy\" decoding=\"async\" src=\"https:\/\/thecasinobossy.com\/wp-content\/uploads\/2026\/01\/Desktop.webp\" alt=\"Desktop\" width=\"1248\" height=\"536\" \/><\/p>\n<\/div><\/div><div style=\"clear: both\"><\/div><div class=\"d-flex justify-content-center\"><button data-item=\"decouvrez_link\" data-group=\"website_links\" class=\"goto fw-bold rounded-pill btn btn-orange\" aria-label=\"Laden Sie die Casinobossy-App herunter\" >Laden Sie die Casinobossy-App herunter<\/button><\/div><div class=\"scrollable-content-wrap my-5\"><div class=\"scrollable-content-inner\"><h2>Mobile Applikation f\u00fcr iPhones und iPads<\/h2>\n<p>iOS-Nutzer k\u00f6nnen Safari verwenden, um das Casinobossy Casino zum Home-Bildschirm hinzuzuf\u00fcgen.<\/p>\n<ol>\n<li>\u00d6ffnen Sie die Casinobossy-Website in Safari und tippen Sie dann unten auf Ihrem Bildschirm auf die Teilen-Schaltfl\u00e4che.<\/li>\n<li>Scrollen Sie durch die Optionen und w\u00e4hlen Sie \u201eZum Home-Bildschirm\u201c, best\u00e4tigen Sie dann durch Antippen von \u201eHinzuf\u00fcgen\u201c.<\/li>\n<li>Das Casino-Symbol erscheint auf Ihrem Home-Bildschirm wie eine native Anwendung.<\/li>\n<\/ol>\n<p>Diese Progressive Web App funktioniert auf iPhones und iPads gleicherma\u00dfen. Sie passt die Benutzeroberfl\u00e4che automatisch an den Bildschirm Ihres Ger\u00e4ts an. Das tablet-optimierte Layout des iPad bietet Nutzern das Beste aus beiden Welten: die Portabilit\u00e4t des mobilen Spielens und mehr Bildschirmplatz f\u00fcr detaillierte Grafiken. Jedes Mal, wenn Sie die App \u00f6ffnen, aktualisiert sie sich automatisch, sodass Sie immer die neuesten Spiele und Features haben, ohne sie selbst updaten zu m\u00fcssen.<\/p>\n<h3>Behebung h\u00e4ufiger Installationsprobleme<\/h3>\n<p>Wenn Sie die Option \u201eZum Home-Bildschirm\u201c in Safari nicht sehen, stellen Sie sicher, dass Sie sich nicht im Privaten Modus befinden, da diese Funktion im Privaten Modus deaktiviert ist. Schlie\u00dfen Sie alle Ihre Safari-Tabs, \u00f6ffnen Sie den Browser erneut im normalen Modus und gehen Sie zur\u00fcck zu Casinobossy. Das Teilen-Men\u00fc sollte nun alle Optionen anzeigen.<\/p>\n<p>Wenn Sie nach dem Hinzuf\u00fcgen des Symbols Ladeprobleme haben, sollten Sie Ihre Internetverbindung \u00fcberpr\u00fcfen und den Safari-Cache in den Einstellungen l\u00f6schen. Gehen Sie zu Einstellungen, w\u00e4hlen Sie Safari und tippen Sie dann auf \u201eVerlauf und Websitedaten l\u00f6schen\u201c. Um eine neue Verbindung zu starten, gehen Sie zur\u00fcck zu Ihrem Home-Bildschirm und \u00f6ffnen Sie das Casinobossy-Symbol. Wenn die Probleme nicht verschwinden, dr\u00fccken Sie lange auf das Symbol und w\u00e4hlen Sie \u201eApp entfernen\u201c. Installieren Sie dann die App erneut.<\/p>\n<p><img loading=\"lazy\" decoding=\"async\" src=\"https:\/\/thecasinobossy.com\/wp-content\/uploads\/2026\/01\/iOS-app.webp\" alt=\"iOS app\" width=\"1248\" height=\"536\" \/><\/p>\n<\/div><\/div><div style=\"clear: both\"><\/div><div class=\"d-flex justify-content-center\"><button data-item=\"decouvrez_link\" data-group=\"website_links\" class=\"goto fw-bold rounded-pill btn btn-orange\" aria-label=\"Casinobossy herunterladen\" >Casinobossy herunterladen<\/button><\/div><div class=\"scrollable-content-wrap my-5\"><div class=\"scrollable-content-inner\"><h2>Casino Bossy App f\u00fcr Android<\/h2>\n<p>Es gibt zwei einfache M\u00f6glichkeiten f\u00fcr Android-Nutzer, auf Casinobossy auf ihren Ger\u00e4ten zuzugreifen. Die Progressive Web App funktioniert \u00fcber Chrome, w\u00e4hrend Ger\u00e4teverkn\u00fcpfungen sofortigen Zugriff vom Home-Bildschirm aus bieten. Beide Optionen bieten Ihnen das volle Casino-Erlebnis, ohne dass Sie etwas aus dem Google Play Store herunterladen m\u00fcssen.<\/p>\n<h3>Installationsprozess<\/h3>\n<p>Es dauert nur wenige Sekunden, eine Casinobossy-Verkn\u00fcpfung auf Android zu erstellen.<\/p>\n<ol>\n<li>Starten Sie den Chrome-Browser und gehen Sie zur Casino-Website.<\/li>\n<li>Klicken Sie in der oberen rechten Ecke Ihres Bildschirms auf das Drei-Punkte-Men\u00fc-Symbol. W\u00e4hlen Sie aus dem Dropdown-Men\u00fc \u201eZum Startbildschirm hinzuf\u00fcgen\u201c.<\/li>\n<li>Wenn Sie m\u00f6chten, k\u00f6nnen Sie der Verkn\u00fcpfung einen benutzerdefinierten Namen geben. Tippen Sie dann auf \u201eHinzuf\u00fcgen\u201c zur Best\u00e4tigung.<\/li>\n<li>Das Symbol erscheint sofort auf Ihrem Startbildschirm.<\/li>\n<\/ol>\n<p>Wischen Sie vom unteren Rand Ihres Android-Startbildschirms nach oben, um die App-Schublade zu \u00f6ffnen. Dies erm\u00f6glicht Ihnen den schnellen Zugriff auf bereits installierte Apps. Um ein App-Symbol zu Ihrem Startbildschirm hinzuzuf\u00fcgen, ber\u00fchren und halten Sie es und ziehen Sie es dann an die gew\u00fcnschte Position. Lassen Sie Ihren Finger los, um das Symbol zu platzieren.<\/p>\n<p>Wenn Sie w\u00e4hrend Ihres ersten Besuchs Benachrichtigungen aktivieren, h\u00e4lt Sie die Android-Version \u00fcber Spiel-Updates und Aktionen auf dem Laufenden. Sie k\u00f6nnen Ihre Benachrichtigungseinstellungen in Chrome jederzeit \u00e4ndern, sodass Sie nur f\u00fcr Ihre Spielinteressen relevante Benachrichtigungen erhalten.<\/p>\n<p><img loading=\"lazy\" decoding=\"async\" src=\"https:\/\/thecasinobossy.com\/wp-content\/uploads\/2026\/01\/Android-app.webp\" alt=\"Android app\" width=\"1248\" height=\"536\" \/><\/p>\n<\/div><\/div><div style=\"clear: both\"><\/div><div class=\"d-flex justify-content-center\"><button data-item=\"decouvrez_link\" data-group=\"website_links\" class=\"goto fw-bold rounded-pill btn btn-orange\" aria-label=\"Laden Sie die Casinobossy-App herunter\" >Laden Sie die Casinobossy-App herunter<\/button><\/div><div class=\"scrollable-content-wrap my-5\"><div class=\"scrollable-content-inner\"><h2>Features der Casino Bossy App<\/h2>\n<p>Die Casinobossy-App priorisiert Geschwindigkeit und Zuverl\u00e4ssigkeit auf allen Ger\u00e4ten. Spiele laden in Sekundenschnelle, weil der Code optimiert wurde, um weniger Daten zu verbrauchen und dabei die Grafikqualit\u00e4t beizubehalten. Diese Effizienz ist besonders hilfreich f\u00fcr Spieler mit mobilen Datenverbindungen, da die App nur eine geringe Bandbreite ben\u00f6tigt, um reibungslos zu laufen.<\/p>\n<p>Touch-Steuerungen reagieren sofort auf Ihre Eingaben, egal ob Sie Slots spielen, an virtuellen Tischen wetten oder mit echten Dealern sprechen. Sie k\u00f6nnen die Benutzeroberfl\u00e4che automatisch zwischen Hoch- und Querformat wechseln lassen. Sie k\u00f6nnen Ihr Konto direkt in der App verwalten. Geld einzahlen, den Verifizierungsprozess abschlie\u00dfen und \u00fcber Live-Chat mit einem Support-Team in Kontakt treten, ohne das laufende Spiel zu verlassen.<\/p>\n<p>F\u00fcr Spieler, die Wahlm\u00f6glichkeiten sch\u00e4tzen, ist die mobile App bequemer als das Spielen am Computer. Sie k\u00f6nnen ein Spiel leicht pausieren, das Ger\u00e4t wechseln und genau dort weiterspielen, wo Sie aufgeh\u00f6rt haben, ohne Fortschritt zu verlieren. Das schlichte Design der App entfernt alles Unn\u00f6tige und beh\u00e4lt nur die Spiele und wichtigen Kontofunktionen bei.<\/p>\n<h3>Leistung und Kompatibilit\u00e4t auf verschiedenen Ger\u00e4ten<\/h3>\n<p>Die Casinobossy-App funktioniert auf jedem Ger\u00e4t gleich. F\u00fcr die beste Leistung ben\u00f6tigen iOS-Nutzer ein iPhone 8 oder neuer mit iOS 13 oder h\u00f6her. Android-Smartphones und -Tablets mit mindestens 2 GB RAM und Android 8.0 oder h\u00f6her funktionieren ebenfalls. Desktop-Nutzer sollten die neuesten Versionen von Chrome, Firefox, Safari oder Edge verwenden.<\/p>\n<p>Die App passt die Grafikqualit\u00e4t automatisch basierend auf Ihrem Ger\u00e4t und Ihrer Internetverbindungsgeschwindigkeit an. Diese intelligente Optimierung stellt sicher, dass auch Mittelklasse-Ger\u00e4te fl\u00fcssig spielen k\u00f6nnen, und Top-Smartphones und -Tablets erhalten bessere visuelle Effekte.<\/p>\n<h2>H\u00e4ufig gestellte Fragen<\/h2>\n<h3>Ist es m\u00f6glich, die Casinobossy-App zu nutzen, ohne etwas aus einem App Store herunterzuladen?<\/h3>\n<p>Sie k\u00f6nnen Casinobossys Progressive Web App direkt \u00fcber Ihren Browser einrichten. Befolgen Sie einfach die Anweisungen f\u00fcr Ihr Ger\u00e4t, um die Website zum Home-Bildschirm hinzuzuf\u00fcgen. Sie k\u00f6nnen sofort darauf zugreifen, ohne sie aus dem App Store herunterladen zu m\u00fcssen.<\/p>\n<h3>Synchronisiert die App meinen Fortschritt zwischen verschiedenen Ger\u00e4ten?<\/h3>\n<p>Ihre Kontoinformationen, Spielehistorie und Wallet-Guthaben werden automatisch auf allen Ger\u00e4ten synchronisiert, auf denen Sie sich anmelden. Starten Sie eine Spielsitzung auf Ihrem Telefon und setzen Sie sie nahtlos auf Ihrem Desktop-Computer fort, ohne manuelle \u00dcbertragungen.<\/p>\n<h3>Wird die App auf \u00e4lteren Ger\u00e4ten funktionieren?<\/h3>\n<p>Ger\u00e4te aus den letzten f\u00fcnf Jahren bieten im Allgemeinen eine ausgezeichnete Leistung. \u00c4ltere Modelle laden m\u00f6glicherweise langsamer oder haben eine geringere Grafikqualit\u00e4t, aber die meisten Smartphones und Computer aus den letzten Jahren unterst\u00fctzen weiterhin die Kernspielfunktionen.<\/p>\n<\/div><\/div><\/p>\n<p>&nbsp;<\/p>\n","protected":false},"excerpt":{"rendered":"<p>Casinobossy App f\u00fcr Mobile und Desktop Die Casinobossy App erm\u00f6glicht es Ihnen, alle Ihre Lieblings-Casinospiele auf Ihrem Telefon, Tablet oder Computer zu spielen, egal was Sie bevorzugen. Sie k\u00f6nnen Ihre Lieblingsspiele sofort \u00fcber eine Progressive Web App erreichen, die auf allen Plattformen perfekt funktioniert. Ihr Konto und Ihr Fortschritt werden automatisch zwischen Ger\u00e4ten synchronisiert, sodass [&hellip;]<\/p>\n","protected":false},"author":1,"featured_media":0,"parent":0,"menu_order":0,"comment_status":"closed","ping_status":"closed","template":"template-builder.php","meta":{"_acf_changed":false,"inline_featured_image":false,"footnotes":""},"class_list":["post-1419","page","type-page","status-publish","hentry"],"acf":[],"yoast_head":"<!-- This site is optimized with the Yoast SEO plugin v27.3 - https:\/\/yoast.com\/product\/yoast-seo-wordpress\/ -->\n<title>Casinobossy App | iOS- und Android-Download<\/title>\n<meta name=\"description\" content=\"Mit der Casino Bossy App haben Sie Ihre gesamte Spielebibliothek immer dabei. Spielen Sie Tausende von Spielen mit sofortigem Zugriff, zuverl\u00e4ssigem In-App-Banking und Kundensupport rund um die Uhr.\" \/>\n<meta name=\"robots\" content=\"index, follow, max-snippet:-1, max-image-preview:large, max-video-preview:-1\" \/>\n<link rel=\"canonical\" href=\"https:\/\/thecasinobossy.com\/de\/app\/\" \/>\n<meta property=\"og:locale\" content=\"de_DE\" \/>\n<meta property=\"og:type\" content=\"article\" \/>\n<meta property=\"og:title\" content=\"Casinobossy App | iOS- und Android-Download\" \/>\n<meta property=\"og:description\" content=\"Mit der Casino Bossy App haben Sie Ihre gesamte Spielebibliothek immer dabei. Spielen Sie Tausende von Spielen mit sofortigem Zugriff, zuverl\u00e4ssigem In-App-Banking und Kundensupport rund um die Uhr.\" \/>\n<meta property=\"og:url\" content=\"https:\/\/thecasinobossy.com\/de\/app\/\" \/>\n<meta property=\"og:site_name\" content=\"casinobossy\" \/>\n<meta property=\"article:modified_time\" content=\"2026-01-12T11:41:42+00:00\" \/>\n<meta name=\"twitter:card\" content=\"summary_large_image\" \/>\n<meta name=\"twitter:label1\" content=\"Gesch\u00e4tzte Lesezeit\" \/>\n\t<meta name=\"twitter:data1\" content=\"1\u00a0Minute\" \/>\n<script type=\"application\/ld+json\" class=\"yoast-schema-graph\">{\"@context\":\"https:\\\/\\\/schema.org\",\"@graph\":[{\"@type\":\"WebPage\",\"@id\":\"https:\\\/\\\/thecasinobossy.com\\\/de\\\/app\\\/\",\"url\":\"https:\\\/\\\/thecasinobossy.com\\\/de\\\/app\\\/\",\"name\":\"Casinobossy App | iOS- und Android-Download\",\"isPartOf\":{\"@id\":\"https:\\\/\\\/thecasinobossy.com\\\/de\\\/#website\"},\"datePublished\":\"2026-01-12T09:45:31+00:00\",\"dateModified\":\"2026-01-12T11:41:42+00:00\",\"description\":\"Mit der Casino Bossy App haben Sie Ihre gesamte Spielebibliothek immer dabei. Spielen Sie Tausende von Spielen mit sofortigem Zugriff, zuverl\u00e4ssigem In-App-Banking und Kundensupport rund um die Uhr.\",\"breadcrumb\":{\"@id\":\"https:\\\/\\\/thecasinobossy.com\\\/de\\\/app\\\/#breadcrumb\"},\"inLanguage\":\"de\",\"potentialAction\":[{\"@type\":\"ReadAction\",\"target\":[\"https:\\\/\\\/thecasinobossy.com\\\/de\\\/app\\\/\"]}]},{\"@type\":\"BreadcrumbList\",\"@id\":\"https:\\\/\\\/thecasinobossy.com\\\/de\\\/app\\\/#breadcrumb\",\"itemListElement\":[{\"@type\":\"ListItem\",\"position\":1,\"name\":\"Casinobossy\",\"item\":\"https:\\\/\\\/thecasinobossy.com\\\/de\\\/\"},{\"@type\":\"ListItem\",\"position\":2,\"name\":\"App\"}]},{\"@type\":\"WebSite\",\"@id\":\"https:\\\/\\\/thecasinobossy.com\\\/de\\\/#website\",\"url\":\"https:\\\/\\\/thecasinobossy.com\\\/de\\\/\",\"name\":\"Casinobossy\",\"description\":\"\",\"publisher\":{\"@id\":\"https:\\\/\\\/thecasinobossy.com\\\/de\\\/#organization\"},\"potentialAction\":[{\"@type\":\"SearchAction\",\"target\":{\"@type\":\"EntryPoint\",\"urlTemplate\":\"https:\\\/\\\/thecasinobossy.com\\\/de\\\/?s={search_term_string}\"},\"query-input\":{\"@type\":\"PropertyValueSpecification\",\"valueRequired\":true,\"valueName\":\"search_term_string\"}}],\"inLanguage\":\"de\"},{\"@type\":\"Organization\",\"@id\":\"https:\\\/\\\/thecasinobossy.com\\\/de\\\/#organization\",\"name\":\"Casinobossy\",\"url\":\"https:\\\/\\\/thecasinobossy.com\\\/de\\\/\",\"logo\":{\"@type\":\"ImageObject\",\"inLanguage\":\"de\",\"@id\":\"https:\\\/\\\/thecasinobossy.com\\\/de\\\/#\\\/schema\\\/logo\\\/image\\\/\",\"url\":\"https:\\\/\\\/thecasinobossy.com\\\/wp-content\\\/uploads\\\/2026\\\/01\\\/Casinobossy-logo.svg\",\"contentUrl\":\"https:\\\/\\\/thecasinobossy.com\\\/wp-content\\\/uploads\\\/2026\\\/01\\\/Casinobossy-logo.svg\",\"width\":94,\"height\":20,\"caption\":\"Casinobossy\"},\"image\":{\"@id\":\"https:\\\/\\\/thecasinobossy.com\\\/de\\\/#\\\/schema\\\/logo\\\/image\\\/\"}}]}<\/script>\n<!-- \/ Yoast SEO plugin. -->","yoast_head_json":{"title":"Casinobossy App | iOS- und Android-Download","description":"Mit der Casino Bossy App haben Sie Ihre gesamte Spielebibliothek immer dabei. Spielen Sie Tausende von Spielen mit sofortigem Zugriff, zuverl\u00e4ssigem In-App-Banking und Kundensupport rund um die Uhr.","robots":{"index":"index","follow":"follow","max-snippet":"max-snippet:-1","max-image-preview":"max-image-preview:large","max-video-preview":"max-video-preview:-1"},"canonical":"https:\/\/thecasinobossy.com\/de\/app\/","og_locale":"de_DE","og_type":"article","og_title":"Casinobossy App | iOS- und Android-Download","og_description":"Mit der Casino Bossy App haben Sie Ihre gesamte Spielebibliothek immer dabei. Spielen Sie Tausende von Spielen mit sofortigem Zugriff, zuverl\u00e4ssigem In-App-Banking und Kundensupport rund um die Uhr.","og_url":"https:\/\/thecasinobossy.com\/de\/app\/","og_site_name":"casinobossy","article_modified_time":"2026-01-12T11:41:42+00:00","twitter_card":"summary_large_image","twitter_misc":{"Gesch\u00e4tzte Lesezeit":"1\u00a0Minute"},"schema":{"@context":"https:\/\/schema.org","@graph":[{"@type":"WebPage","@id":"https:\/\/thecasinobossy.com\/de\/app\/","url":"https:\/\/thecasinobossy.com\/de\/app\/","name":"Casinobossy App | iOS- und Android-Download","isPartOf":{"@id":"https:\/\/thecasinobossy.com\/de\/#website"},"datePublished":"2026-01-12T09:45:31+00:00","dateModified":"2026-01-12T11:41:42+00:00","description":"Mit der Casino Bossy App haben Sie Ihre gesamte Spielebibliothek immer dabei. Spielen Sie Tausende von Spielen mit sofortigem Zugriff, zuverl\u00e4ssigem In-App-Banking und Kundensupport rund um die Uhr.","breadcrumb":{"@id":"https:\/\/thecasinobossy.com\/de\/app\/#breadcrumb"},"inLanguage":"de","potentialAction":[{"@type":"ReadAction","target":["https:\/\/thecasinobossy.com\/de\/app\/"]}]},{"@type":"BreadcrumbList","@id":"https:\/\/thecasinobossy.com\/de\/app\/#breadcrumb","itemListElement":[{"@type":"ListItem","position":1,"name":"Casinobossy","item":"https:\/\/thecasinobossy.com\/de\/"},{"@type":"ListItem","position":2,"name":"App"}]},{"@type":"WebSite","@id":"https:\/\/thecasinobossy.com\/de\/#website","url":"https:\/\/thecasinobossy.com\/de\/","name":"Casinobossy","description":"","publisher":{"@id":"https:\/\/thecasinobossy.com\/de\/#organization"},"potentialAction":[{"@type":"SearchAction","target":{"@type":"EntryPoint","urlTemplate":"https:\/\/thecasinobossy.com\/de\/?s={search_term_string}"},"query-input":{"@type":"PropertyValueSpecification","valueRequired":true,"valueName":"search_term_string"}}],"inLanguage":"de"},{"@type":"Organization","@id":"https:\/\/thecasinobossy.com\/de\/#organization","name":"Casinobossy","url":"https:\/\/thecasinobossy.com\/de\/","logo":{"@type":"ImageObject","inLanguage":"de","@id":"https:\/\/thecasinobossy.com\/de\/#\/schema\/logo\/image\/","url":"https:\/\/thecasinobossy.com\/wp-content\/uploads\/2026\/01\/Casinobossy-logo.svg","contentUrl":"https:\/\/thecasinobossy.com\/wp-content\/uploads\/2026\/01\/Casinobossy-logo.svg","width":94,"height":20,"caption":"Casinobossy"},"image":{"@id":"https:\/\/thecasinobossy.com\/de\/#\/schema\/logo\/image\/"}}]}},"_links":{"self":[{"href":"https:\/\/thecasinobossy.com\/de\/wp-json\/wp\/v2\/pages\/1419","targetHints":{"allow":["GET"]}}],"collection":[{"href":"https:\/\/thecasinobossy.com\/de\/wp-json\/wp\/v2\/pages"}],"about":[{"href":"https:\/\/thecasinobossy.com\/de\/wp-json\/wp\/v2\/types\/page"}],"author":[{"embeddable":true,"href":"https:\/\/thecasinobossy.com\/de\/wp-json\/wp\/v2\/users\/1"}],"replies":[{"embeddable":true,"href":"https:\/\/thecasinobossy.com\/de\/wp-json\/wp\/v2\/comments?post=1419"}],"version-history":[{"count":2,"href":"https:\/\/thecasinobossy.com\/de\/wp-json\/wp\/v2\/pages\/1419\/revisions"}],"predecessor-version":[{"id":1593,"href":"https:\/\/thecasinobossy.com\/de\/wp-json\/wp\/v2\/pages\/1419\/revisions\/1593"}],"wp:attachment":[{"href":"https:\/\/thecasinobossy.com\/de\/wp-json\/wp\/v2\/media?parent=1419"}],"curies":[{"name":"wp","href":"https:\/\/api.w.org\/{rel}","templated":true}]}}