{"id":1460,"date":"2026-01-12T09:49:52","date_gmt":"2026-01-12T09:49:52","guid":{"rendered":"https:\/\/thecasinobossy.com\/login-and-registration\/"},"modified":"2026-01-12T11:45:48","modified_gmt":"2026-01-12T11:45:48","slug":"anmeldung-und-registrierung","status":"publish","type":"page","link":"https:\/\/thecasinobossy.com\/de\/anmeldung-und-registrierung\/","title":{"rendered":"Anmeldung und Registrierung"},"content":{"rendered":"<h1>Bei Casinobossy anmelden und einloggen<\/h1>\n<p>Sie k\u00f6nnen innerhalb weniger Minuten bei Casinobossy mit dem Spielen beginnen. Nutzen Sie den Casinobossy Login, um auf Ihre Spiele, Bonusangebote und personalisierten Funktionen zuzugreifen.<\/p>\n<p><div class=\"banner-wrap\" aria-label=\"Banner\"><img src=\"https:\/\/thecasinobossy.com\/wp-content\/uploads\/2026\/01\/Casinobossy-banner-carousel-800\u0445400.webp\" class=\"w-100 d-none d-lg-block img-pc main-banner-img\" alt=\"Casinobossy desktop banner\" fetchpriority=\"high\" decoding=\"async\"><img src=\"https:\/\/thecasinobossy.com\/wp-content\/uploads\/2026\/01\/Mobile-banner-1.webp\" class=\"w-100 d-none d-md-block d-lg-none main-banner-img\" alt=\"Mobile banner\" fetchpriority=\"high\" decoding=\"async\"><img src=\"https:\/\/thecasinobossy.com\/wp-content\/uploads\/2026\/01\/Mobile-banner-1.webp\" class=\"w-100 d-md-none\" alt=\"Mobile banner\" fetchpriority=\"high\" decoding=\"async\"><div class=\"banner-description\">\n<div class=\"banner-title\">Willkommensboni<\/div>\n<p class=\"banner-header-title\">1500 \u20ac<\/p>\n<div class=\"banner-header-AdditionalText\">+ 250 Freispiele<\/div>\n<button data-item=\"homepage_banner_link\" class=\"goto m-button m-gradient-border m-button--primary m-button--large banner-button btn-orange\">\n            <div class=\"m-button-content\">\n                <span>Jetzt anmelden<\/span>\n                <span><\/span>\n            <\/div>\n        <\/button>\n<\/div>\n<div class=\"WelcomePack\">\n<p><img loading=\"lazy\" decoding=\"async\" class=\"alignnone size-full wp-image-1338\" src=\"https:\/\/thecasinobossy.com\/wp-content\/uploads\/2026\/01\/welcome-crown.svg\" alt=\"crown\" width=\"25\" height=\"26\" \/><\/p>\n<div class=\"WelcomePack-Info\">W\u00f6chentlicher Cashback von bis zu 25 %<\/div>\n<p><img loading=\"lazy\" decoding=\"async\" class=\"alignnone size-full wp-image-1338\" src=\"https:\/\/thecasinobossy.com\/wp-content\/uploads\/2026\/01\/welcome-crown.svg\" alt=\"crown\" width=\"25\" height=\"26\" \/><\/p>\n<\/div>\n<\/div><div class=\"scrollable-content-wrap my-5\"><div class=\"scrollable-content-inner\"><h2>Bei Casinobossy Casino registrieren<\/h2>\n<p>Nachdem Sie ein Konto erstellt haben, k\u00f6nnen Sie alle Casinobossy-Spiele spielen und auf Sonderangebote sowie Kontotools zugreifen. Sie k\u00f6nnen Geld einzahlen und abheben, Boni aktivieren, an Turnieren teilnehmen und an Treueprogrammen mitwirken.<\/p>\n<h3>So erstellen Sie Ihr Profil<\/h3>\n<p>Die Registrierung erfolgt in zwei einfachen Schritten. Klicken Sie auf der Casinobossy-Casino-Startseite rechts oben auf die Schaltfl\u00e4che \u201eRegistrieren\u201c.<\/p>\n<p>Erstregistrierung<\/p>\n<ol>\n<li>Registrieren Sie Ihre E-Mail-Adresse und erstellen Sie ein starkes Passwort. Das Passwort muss mindestens acht Zeichen lang sein und Gro\u00df- und Kleinbuchstaben, Zahlen sowie Sonderzeichen enthalten.<\/li>\n<li>Lesen Sie die Allgemeinen Gesch\u00e4ftsbedingungen, aktivieren Sie das K\u00e4stchen, das Ihre Zustimmung best\u00e4tigt, und klicken Sie dann auf \u201eRegistrieren\u201c.<\/li>\n<\/ol>\n<p>Ihr Profil vervollst\u00e4ndigen<\/p>\n<p>Ein zweites Fenster \u00f6ffnet sich und fordert weitere Informationen.<\/p>\n<ol>\n<li>Geben Sie Ihr Geburtsdatum, Ihren Vor- und Nachnamen sowie Ihre Mobiltelefonnummer an. Die Plattform ben\u00f6tigt korrekte Informationen, die mit den Angaben auf offiziellen Ausweisdokumenten \u00fcbereinstimmen, um Verifizierungszwecke zu erf\u00fcllen.<\/li>\n<li>Klicken Sie auf \u201eSpeichern\u201c, um die Kontoeinrichtung abzuschlie\u00dfen.<\/li>\n<\/ol>\n<p>Ihr Konto wird sofort aktiviert und eine Best\u00e4tigungs-E-Mail wird an die bei der Registrierung verwendete Adresse gesendet. Klicken Sie auf den Link in der E-Mail, um die Einrichtung abzuschlie\u00dfen. Sollten Sie die E-Mail nicht erhalten, kontaktieren Sie das Support-Team per Live-Chat oder E-Mail.<\/p>\n<h3>Pers\u00f6nliche Daten nach der Registrierung aktualisieren<\/h3>\n<p>Sie k\u00f6nnen die Informationen in Ihrem Konto weiterhin in den Profileinstellungen \u00e4ndern. W\u00e4hlen Sie \u201eProfileinstellungen\u201c aus der Liste auf Ihrem Konto-Dashboard. Denken Sie daran, Ihre Bankverbindung, Kontaktdaten und Kommunikationspr\u00e4ferenzen auf dem neuesten Stand zu halten.<\/p>\n<p>Wenn Sie private Details wie Ihre Telefonnummer oder E-Mail-Adresse aktualisieren, m\u00fcssen Sie die \u00c4nderung best\u00e4tigen. Die Plattform sendet Codes sowohl an Ihren alten als auch an Ihren neuen Kontakt, um die Sicherheit Ihres Kontos zu gew\u00e4hrleisten. In denselben Einstellungen k\u00f6nnen Sie auch Ihre Sprache und W\u00e4hrung aktualisieren.<\/p>\n<h2>Verifizierungsprozess und warum er wichtig ist<\/h2>\n<p>Die Konto-Verifizierung ist aus vielen Gr\u00fcnden wichtig, darunter die Einhaltung von Vorschriften, die Verhinderung von Betrug und die Sicherstellung der Zahlungssicherheit. Der Know-Your-Customer-Prozess (KYC) \u00fcberpr\u00fcft das Alter und die Identit\u00e4t des Spielers, um sicherzustellen, dass er die von Lizenzierungsbeh\u00f6rden wie der MGA, UKGC und Cura\u00e7ao eGaming festgelegten Regeln einh\u00e4lt.<\/p>\n<h3>Erforderliche Dokumente<\/h3>\n<table>\n<tbody>\n<tr>\n<td>Dokumenttyp<\/td>\n<td>Akzeptierte Formate<\/td>\n<td>Zweck<\/td>\n<\/tr>\n<tr>\n<td>Identit\u00e4tsnachweis<\/td>\n<td>Reisepass, Personalausweis, F\u00fchrerschein<\/td>\n<td>Altersverifizierung und Identit\u00e4tsbest\u00e4tigung<\/td>\n<\/tr>\n<tr>\n<td>Adressnachweis<\/td>\n<td>Stromrechnung, Kontoauszug, beh\u00f6rdliches Schreiben<\/td>\n<td>Verifizierung des Wohnsitzes (muss j\u00fcnger als 90 Tage sein)<\/td>\n<\/tr>\n<tr>\n<td>Zahlungsmethode<\/td>\n<td>Kartenscan\/-foto, E-Wallet-Screenshot, Kontoauszug<\/td>\n<td>Best\u00e4tigung der Zahlungssicherheit und Eigent\u00fcmerschaft<\/td>\n<\/tr>\n<\/tbody>\n<\/table>\n<p>Um Dokumente zu senden, gehen Sie zum sicheren Upload-Portal in Ihren Kontoeinstellungen. Stellen Sie sicher, dass der Text gut lesbar ist, dass alle vier Ecken des Dokuments auf den Bildern sichtbar sind und dass die pers\u00f6nlichen Informationen exakt mit den Registrierungsdaten \u00fcbereinstimmen. Das Team, das die Einreichungen pr\u00fcft, tut dies innerhalb von 24 bis 48 Stunden.<\/p>\n<p>Verifizierte Konten k\u00f6nnen Geld schneller abheben, haben h\u00f6here Transaktionslimits und weniger Sicherheitssperren.<\/p>\n<h2>Bei Casino Bossy einloggen<\/h2>\n<p>Um Zugang zu Ihrem Casinobossy-Konto zu erhalten, ben\u00f6tigen Sie Ihre E-Mail-Adresse und Ihr Passwort. Klicken Sie auf der Startseite auf die Schaltfl\u00e4che \u201eLogin\u201c und f\u00fcllen Sie die Felder mit Ihren Informationen aus. Wenn Sie die Option \u201eAngemeldet bleiben\u201c w\u00e4hlen, speichert das System Ihre Login-Daten auf vertrauensw\u00fcrdigen Ger\u00e4ten.<\/p>\n<p>Sie k\u00f6nnen Ihr Passwort zur\u00fccksetzen, indem Sie auf den Wiederherstellungslink unter dem Login-Formular klicken. Geben Sie Ihre registrierte E-Mail-Adresse ein, um einen Link zum Zur\u00fccksetzen des Passworts zu erhalten, der zwei Stunden g\u00fcltig ist. Erstellen Sie ein neues Passwort gem\u00e4\u00df den St\u00e4rkeanforderungen und nutzen Sie es f\u00fcr den sofortigen Zugriff.<\/p>\n<h3>Zwei-Faktor-Authentifizierung und andere Sicherheitsfunktionen<\/h3>\n<p>Mehrere Verifizierungsschritte sch\u00fctzen Ihr Konto, wobei die Zwei-Faktor-Authentifizierung einen Code an Ihr Telefon sendet, um zus\u00e4tzliche Sicherheit zu bieten.<\/p>\n<p>Aktivieren Sie die 2FA in den Sicherheitseinstellungen auf Ihrem Konto-Dashboard. W\u00e4hlen Sie SMS-Codes oder eine Authenticator-App in Verbindung mit Ihrer Telefonnummer. Jeder Login generiert einen 5-Minuten-Code. Das verringert die Wahrscheinlichkeit, dass jemand unbefugt auf Ihr Konto zugreifen kann.<\/p>\n<p>Zus\u00e4tzliche Sicherheitsma\u00dfnahmen umfassen das Senden einer E-Mail bei jeder Anmeldung und das automatische Beenden einer Sitzung nach 30 Minuten Inaktivit\u00e4t. Wir verwenden das HTTPS-Protokoll und 256-Bit-SSL-Verschl\u00fcsselung, um alle Daten zu sch\u00fctzen, die zwischen Ihrem Ger\u00e4t und den Casino-Servern \u00fcbertragen werden.<\/p>\n<h2>FAQ<\/h2>\n<h3>Wie lange dauert die Konto-Verifizierung?<\/h3>\n<p>Der Standard-Verifizierungsprozess wird innerhalb von 24 bis 48 Stunden nach dem Einreichen der Dokumente abgeschlossen. Komplexe F\u00e4lle, die zus\u00e4tzliche Dokumentation erfordern, k\u00f6nnen sich auf bis zu 72 Stunden verl\u00e4ngern. Um Verz\u00f6gerungen bei der Bearbeitung zu vermeiden, reichen Sie klare, lesbare Dokumente ein, die mit den Informationen Ihrer Registrierung \u00fcbereinstimmen. Bei Fragen wenden Sie sich an das mehrsprachige Support-Team.<\/p>\n<h3>Kann ich meine registrierte E-Mail-Adresse \u00e4ndern?<\/h3>\n<p>Ja, Sie k\u00f6nnen Ihre E-Mail-Adresse in den Profileinstellungen \u00e4ndern. Das System sendet Best\u00e4tigungscodes sowohl an die alte als auch an die neue Adresse, um die \u00c4nderung zu best\u00e4tigen. F\u00fchren Sie beide Verifizierungsschritte aus, um die Aktualisierung abzuschlie\u00dfen und die Sicherheit Ihres Kontos zu gew\u00e4hrleisten.<\/p>\n<h3>Warum muss ich mein Konto verifizieren?<\/h3>\n<p>Die Verifizierung stellt sicher, dass Spieler vollj\u00e4hrig sind, verhindert Betrug, sch\u00fctzt Identit\u00e4ten und beschleunigt Auszahlungen.<\/p>\n<\/div><\/div><\/p>\n","protected":false},"excerpt":{"rendered":"<p>Bei Casinobossy anmelden und einloggen Sie k\u00f6nnen innerhalb weniger Minuten bei Casinobossy mit dem Spielen beginnen. Nutzen Sie den Casinobossy Login, um auf Ihre Spiele, Bonusangebote und personalisierten Funktionen zuzugreifen.<\/p>\n","protected":false},"author":1,"featured_media":0,"parent":0,"menu_order":0,"comment_status":"closed","ping_status":"closed","template":"template-builder.php","meta":{"_acf_changed":false,"inline_featured_image":false,"footnotes":""},"class_list":["post-1460","page","type-page","status-publish","hentry"],"acf":[],"yoast_head":"<!-- This site is optimized with the Yoast SEO plugin v27.3 - https:\/\/yoast.com\/product\/yoast-seo-wordpress\/ -->\n<title>Casinobossy Login | Anmelden oder neues Konto erstellen<\/title>\n<meta name=\"description\" content=\"Greifen Sie mit Ihren Casino Bossy login schnell und sicher auf Ihr Konto zu. Verwalten Sie Einzahlungen, Boni, Spielverlauf und Profileinstellungen \u2013 alles an einem Ort.\" \/>\n<meta name=\"robots\" content=\"index, follow, max-snippet:-1, max-image-preview:large, max-video-preview:-1\" \/>\n<link rel=\"canonical\" href=\"https:\/\/thecasinobossy.com\/de\/anmeldung-und-registrierung\/\" \/>\n<meta property=\"og:locale\" content=\"de_DE\" \/>\n<meta property=\"og:type\" content=\"article\" \/>\n<meta property=\"og:title\" content=\"Casinobossy Login | Anmelden oder neues Konto erstellen\" \/>\n<meta property=\"og:description\" content=\"Greifen Sie mit Ihren Casino Bossy login schnell und sicher auf Ihr Konto zu. Verwalten Sie Einzahlungen, Boni, Spielverlauf und Profileinstellungen \u2013 alles an einem Ort.\" \/>\n<meta property=\"og:url\" content=\"https:\/\/thecasinobossy.com\/de\/anmeldung-und-registrierung\/\" \/>\n<meta property=\"og:site_name\" content=\"casinobossy\" \/>\n<meta property=\"article:modified_time\" content=\"2026-01-12T11:45:48+00:00\" \/>\n<meta name=\"twitter:card\" content=\"summary_large_image\" \/>\n<meta name=\"twitter:label1\" content=\"Gesch\u00e4tzte Lesezeit\" \/>\n\t<meta name=\"twitter:data1\" content=\"1\u00a0Minute\" \/>\n<script type=\"application\/ld+json\" class=\"yoast-schema-graph\">{\"@context\":\"https:\\\/\\\/schema.org\",\"@graph\":[{\"@type\":\"WebPage\",\"@id\":\"https:\\\/\\\/thecasinobossy.com\\\/de\\\/anmeldung-und-registrierung\\\/\",\"url\":\"https:\\\/\\\/thecasinobossy.com\\\/de\\\/anmeldung-und-registrierung\\\/\",\"name\":\"Casinobossy Login | Anmelden oder neues Konto erstellen\",\"isPartOf\":{\"@id\":\"https:\\\/\\\/thecasinobossy.com\\\/de\\\/#website\"},\"datePublished\":\"2026-01-12T09:49:52+00:00\",\"dateModified\":\"2026-01-12T11:45:48+00:00\",\"description\":\"Greifen Sie mit Ihren Casino Bossy login schnell und sicher auf Ihr Konto zu. Verwalten Sie Einzahlungen, Boni, Spielverlauf und Profileinstellungen \u2013 alles an einem Ort.\",\"breadcrumb\":{\"@id\":\"https:\\\/\\\/thecasinobossy.com\\\/de\\\/anmeldung-und-registrierung\\\/#breadcrumb\"},\"inLanguage\":\"de\",\"potentialAction\":[{\"@type\":\"ReadAction\",\"target\":[\"https:\\\/\\\/thecasinobossy.com\\\/de\\\/anmeldung-und-registrierung\\\/\"]}]},{\"@type\":\"BreadcrumbList\",\"@id\":\"https:\\\/\\\/thecasinobossy.com\\\/de\\\/anmeldung-und-registrierung\\\/#breadcrumb\",\"itemListElement\":[{\"@type\":\"ListItem\",\"position\":1,\"name\":\"Casinobossy\",\"item\":\"https:\\\/\\\/thecasinobossy.com\\\/de\\\/\"},{\"@type\":\"ListItem\",\"position\":2,\"name\":\"Anmeldung und Registrierung\"}]},{\"@type\":\"WebSite\",\"@id\":\"https:\\\/\\\/thecasinobossy.com\\\/de\\\/#website\",\"url\":\"https:\\\/\\\/thecasinobossy.com\\\/de\\\/\",\"name\":\"Casinobossy\",\"description\":\"\",\"publisher\":{\"@id\":\"https:\\\/\\\/thecasinobossy.com\\\/de\\\/#organization\"},\"potentialAction\":[{\"@type\":\"SearchAction\",\"target\":{\"@type\":\"EntryPoint\",\"urlTemplate\":\"https:\\\/\\\/thecasinobossy.com\\\/de\\\/?s={search_term_string}\"},\"query-input\":{\"@type\":\"PropertyValueSpecification\",\"valueRequired\":true,\"valueName\":\"search_term_string\"}}],\"inLanguage\":\"de\"},{\"@type\":\"Organization\",\"@id\":\"https:\\\/\\\/thecasinobossy.com\\\/de\\\/#organization\",\"name\":\"Casinobossy\",\"url\":\"https:\\\/\\\/thecasinobossy.com\\\/de\\\/\",\"logo\":{\"@type\":\"ImageObject\",\"inLanguage\":\"de\",\"@id\":\"https:\\\/\\\/thecasinobossy.com\\\/de\\\/#\\\/schema\\\/logo\\\/image\\\/\",\"url\":\"https:\\\/\\\/thecasinobossy.com\\\/wp-content\\\/uploads\\\/2026\\\/01\\\/Casinobossy-logo.svg\",\"contentUrl\":\"https:\\\/\\\/thecasinobossy.com\\\/wp-content\\\/uploads\\\/2026\\\/01\\\/Casinobossy-logo.svg\",\"width\":94,\"height\":20,\"caption\":\"Casinobossy\"},\"image\":{\"@id\":\"https:\\\/\\\/thecasinobossy.com\\\/de\\\/#\\\/schema\\\/logo\\\/image\\\/\"}}]}<\/script>\n<!-- \/ Yoast SEO plugin. -->","yoast_head_json":{"title":"Casinobossy Login | Anmelden oder neues Konto erstellen","description":"Greifen Sie mit Ihren Casino Bossy login schnell und sicher auf Ihr Konto zu. Verwalten Sie Einzahlungen, Boni, Spielverlauf und Profileinstellungen \u2013 alles an einem Ort.","robots":{"index":"index","follow":"follow","max-snippet":"max-snippet:-1","max-image-preview":"max-image-preview:large","max-video-preview":"max-video-preview:-1"},"canonical":"https:\/\/thecasinobossy.com\/de\/anmeldung-und-registrierung\/","og_locale":"de_DE","og_type":"article","og_title":"Casinobossy Login | Anmelden oder neues Konto erstellen","og_description":"Greifen Sie mit Ihren Casino Bossy login schnell und sicher auf Ihr Konto zu. Verwalten Sie Einzahlungen, Boni, Spielverlauf und Profileinstellungen \u2013 alles an einem Ort.","og_url":"https:\/\/thecasinobossy.com\/de\/anmeldung-und-registrierung\/","og_site_name":"casinobossy","article_modified_time":"2026-01-12T11:45:48+00:00","twitter_card":"summary_large_image","twitter_misc":{"Gesch\u00e4tzte Lesezeit":"1\u00a0Minute"},"schema":{"@context":"https:\/\/schema.org","@graph":[{"@type":"WebPage","@id":"https:\/\/thecasinobossy.com\/de\/anmeldung-und-registrierung\/","url":"https:\/\/thecasinobossy.com\/de\/anmeldung-und-registrierung\/","name":"Casinobossy Login | Anmelden oder neues Konto erstellen","isPartOf":{"@id":"https:\/\/thecasinobossy.com\/de\/#website"},"datePublished":"2026-01-12T09:49:52+00:00","dateModified":"2026-01-12T11:45:48+00:00","description":"Greifen Sie mit Ihren Casino Bossy login schnell und sicher auf Ihr Konto zu. Verwalten Sie Einzahlungen, Boni, Spielverlauf und Profileinstellungen \u2013 alles an einem Ort.","breadcrumb":{"@id":"https:\/\/thecasinobossy.com\/de\/anmeldung-und-registrierung\/#breadcrumb"},"inLanguage":"de","potentialAction":[{"@type":"ReadAction","target":["https:\/\/thecasinobossy.com\/de\/anmeldung-und-registrierung\/"]}]},{"@type":"BreadcrumbList","@id":"https:\/\/thecasinobossy.com\/de\/anmeldung-und-registrierung\/#breadcrumb","itemListElement":[{"@type":"ListItem","position":1,"name":"Casinobossy","item":"https:\/\/thecasinobossy.com\/de\/"},{"@type":"ListItem","position":2,"name":"Anmeldung und Registrierung"}]},{"@type":"WebSite","@id":"https:\/\/thecasinobossy.com\/de\/#website","url":"https:\/\/thecasinobossy.com\/de\/","name":"Casinobossy","description":"","publisher":{"@id":"https:\/\/thecasinobossy.com\/de\/#organization"},"potentialAction":[{"@type":"SearchAction","target":{"@type":"EntryPoint","urlTemplate":"https:\/\/thecasinobossy.com\/de\/?s={search_term_string}"},"query-input":{"@type":"PropertyValueSpecification","valueRequired":true,"valueName":"search_term_string"}}],"inLanguage":"de"},{"@type":"Organization","@id":"https:\/\/thecasinobossy.com\/de\/#organization","name":"Casinobossy","url":"https:\/\/thecasinobossy.com\/de\/","logo":{"@type":"ImageObject","inLanguage":"de","@id":"https:\/\/thecasinobossy.com\/de\/#\/schema\/logo\/image\/","url":"https:\/\/thecasinobossy.com\/wp-content\/uploads\/2026\/01\/Casinobossy-logo.svg","contentUrl":"https:\/\/thecasinobossy.com\/wp-content\/uploads\/2026\/01\/Casinobossy-logo.svg","width":94,"height":20,"caption":"Casinobossy"},"image":{"@id":"https:\/\/thecasinobossy.com\/de\/#\/schema\/logo\/image\/"}}]}},"_links":{"self":[{"href":"https:\/\/thecasinobossy.com\/de\/wp-json\/wp\/v2\/pages\/1460","targetHints":{"allow":["GET"]}}],"collection":[{"href":"https:\/\/thecasinobossy.com\/de\/wp-json\/wp\/v2\/pages"}],"about":[{"href":"https:\/\/thecasinobossy.com\/de\/wp-json\/wp\/v2\/types\/page"}],"author":[{"embeddable":true,"href":"https:\/\/thecasinobossy.com\/de\/wp-json\/wp\/v2\/users\/1"}],"replies":[{"embeddable":true,"href":"https:\/\/thecasinobossy.com\/de\/wp-json\/wp\/v2\/comments?post=1460"}],"version-history":[{"count":1,"href":"https:\/\/thecasinobossy.com\/de\/wp-json\/wp\/v2\/pages\/1460\/revisions"}],"predecessor-version":[{"id":1594,"href":"https:\/\/thecasinobossy.com\/de\/wp-json\/wp\/v2\/pages\/1460\/revisions\/1594"}],"wp:attachment":[{"href":"https:\/\/thecasinobossy.com\/de\/wp-json\/wp\/v2\/media?parent=1460"}],"curies":[{"name":"wp","href":"https:\/\/api.w.org\/{rel}","templated":true}]}}