{"id":1426,"date":"2026-01-12T09:45:31","date_gmt":"2026-01-12T09:45:31","guid":{"rendered":"https:\/\/thecasinobossy.com\/app-2\/"},"modified":"2026-01-12T13:23:19","modified_gmt":"2026-01-12T13:23:19","slug":"aplicacion","status":"publish","type":"page","link":"https:\/\/thecasinobossy.com\/es\/aplicacion\/","title":{"rendered":"Aplicaci\u00f3n"},"content":{"rendered":"<h1>Aplicaci\u00f3n Casinobossy para M\u00f3vil y Escritorio<\/h1>\n<p>La Casinobossy app te permite jugar todos tus juegos de casino favoritos en tu tel\u00e9fono, tableta o computadora, sin importar lo que m\u00e1s te guste. Puedes acceder a sus juegos preferidos al instante con una aplicaci\u00f3n web progresiva que funciona perfectamente en todas las plataformas. Tu cuenta y progreso se sincronizar\u00e1n autom\u00e1ticamente entre dispositivos, para que puedas jugar en casa o mientras est\u00e1s en movimiento.<\/p>\n<p><div class=\"banner-wrap\" aria-label=\"Banner\"><img src=\"https:\/\/thecasinobossy.com\/wp-content\/uploads\/2026\/01\/Casinobossy-banner-carousel-800\u0445400.webp\" class=\"w-100 d-none d-lg-block img-pc main-banner-img\" alt=\"Casinobossy desktop banner\" fetchpriority=\"high\" decoding=\"async\"><img src=\"https:\/\/thecasinobossy.com\/wp-content\/uploads\/2026\/01\/Mobile-banner-1.webp\" class=\"w-100 d-none d-md-block d-lg-none main-banner-img\" alt=\"Mobile banner\" fetchpriority=\"high\" decoding=\"async\"><img src=\"https:\/\/thecasinobossy.com\/wp-content\/uploads\/2026\/01\/Mobile-banner-1.webp\" class=\"w-100 d-md-none\" alt=\"Mobile banner\" fetchpriority=\"high\" decoding=\"async\"><div class=\"banner-description\">\n<div class=\"banner-title\">Bonos de bienvenida<\/div>\n<p class=\"banner-header-title\">1500 \u20ac<\/p>\n<div class=\"banner-header-AdditionalText\">+ 250 Tiradas gratis<\/div>\n<button data-item=\"homepage_banner_link\" class=\"goto m-button m-gradient-border m-button--primary m-button--large banner-button btn-orange\">\n            <div class=\"m-button-content\">\n                <span>Reg\u00edstrate ahora<\/span>\n                <span><\/span>\n            <\/div>\n        <\/button>\n<\/div>\n<div class=\"WelcomePack\">\n<p><img loading=\"lazy\" decoding=\"async\" class=\"alignnone size-full wp-image-1338\" src=\"https:\/\/thecasinobossy.com\/wp-content\/uploads\/2026\/01\/welcome-crown.svg\" alt=\"crown\" width=\"25\" height=\"26\" \/><\/p>\n<div class=\"WelcomePack-Info\">Reembolso semanal de hasta el 25 %<\/div>\n<p><img loading=\"lazy\" decoding=\"async\" class=\"alignnone size-full wp-image-1338\" src=\"https:\/\/thecasinobossy.com\/wp-content\/uploads\/2026\/01\/welcome-crown.svg\" alt=\"crown\" width=\"25\" height=\"26\" \/><\/p>\n<\/div>\n<\/div><div class=\"scrollable-content-wrap my-5\"><div class=\"scrollable-content-inner\"><h2>Casinobossy en Escritorio para MacOS o Windows<\/h2>\n<p>Los jugadores de escritorio no tienen que descargar ning\u00fan software adicional para acceder a Casinobossy. Pueden usar simplemente cualquier navegador web moderno. La plataforma se ajusta autom\u00e1ticamente al tama\u00f1o de tu pantalla, para que puedas disfrutar de una experiencia de casino completa en MacOS, Windows o Linux. Introduce tu informaci\u00f3n de cuenta en el sitio web de Casinobossy, y luego podr\u00e1s empezar a jugar de inmediato.<\/p>\n<p>La versi\u00f3n de escritorio tiene algunas ventajas para los jugadores que prefieren pantallas m\u00e1s grandes. Con men\u00fas expandidos y filtros de juegos ubicados de forma prominente en la interfaz, es m\u00e1s f\u00e1cil encontrar lo que buscas. La pantalla m\u00e1s grande tambi\u00e9n muestra los gr\u00e1ficos de los juegos con m\u00e1s detalle, lo que hace que las tragamonedas con animaciones complejas y los juegos con crupier en vivo se sientan a\u00fan m\u00e1s reales.<\/p>\n<h3>Diferencias entre la Jugabilidad en Escritorio y M\u00f3vil<\/h3>\n<p>La experiencia central de juego es la misma en todos los dispositivos, pero jugar en una computadora de escritorio versus un dispositivo m\u00f3vil es diferente en algunos aspectos. Tener un escritorio facilita revisar las reglas del juego, consultar tu saldo y contactar al servicio al cliente sin detener la partida.<\/p>\n<p>Los controles t\u00e1ctiles y las interfaces simplificadas dise\u00f1adas para pantallas m\u00e1s peque\u00f1as son importantes para cualquier casino m\u00f3vil. Debido a que los recursos se han optimizado, los juegos cargan un poco m\u00e1s r\u00e1pido en dispositivos m\u00f3viles. La orientaci\u00f3n vertical tambi\u00e9n es perfecta para las tragamonedas en l\u00ednea cl\u00e1sicas y los juegos de cartas.<\/p>\n<table>\n<tbody>\n<tr>\n<td>Plataforma<\/td>\n<td>Mejor para<\/td>\n<td>Ventaja clave<\/td>\n<\/tr>\n<tr>\n<td>De oficina<\/td>\n<td>Sesiones de juego extendidas, juego en m\u00faltiples mesas<\/td>\n<td>Pantalla m\u00e1s grande, acceso completo al teclado<\/td>\n<\/tr>\n<tr>\n<td>M\u00f3vil<\/td>\n<td>Sesiones r\u00e1pidas, juegos en movimiento<\/td>\n<td>Portabilidad, controles t\u00e1ctiles optimizados<\/td>\n<\/tr>\n<\/tbody>\n<\/table>\n<p><img loading=\"lazy\" decoding=\"async\" src=\"https:\/\/thecasinobossy.com\/wp-content\/uploads\/2026\/01\/Desktop.webp\" alt=\"Desktop\" width=\"1248\" height=\"536\" \/><\/p>\n<\/div><\/div><div style=\"clear: both\"><\/div><div class=\"d-flex justify-content-center\"><button data-item=\"decouvrez_link\" data-group=\"website_links\" class=\"goto fw-bold rounded-pill btn btn-orange\" aria-label=\"Descarga la aplicaci\u00f3n Casinobossy\" >Descarga la aplicaci\u00f3n Casinobossy<\/button><\/div><div class=\"scrollable-content-wrap my-5\"><div class=\"scrollable-content-inner\"><h2>Aplicaci\u00f3n M\u00f3vil para iPhone y iPad<\/h2>\n<p>Los usuarios de iOS pueden usar Safari para a\u00f1adir el casino Casinobossy a su pantalla de inicio.<\/p>\n<ol>\n<li>Abre el sitio web de Casinobossy en Safari, luego toca el bot\u00f3n Compartir en la parte inferior de tu pantalla.<\/li>\n<li>Despl\u00e1zate por las opciones y selecciona A\u00f1adir a la Pantalla de Inicio, luego confirma tocando A\u00f1adir.<\/li>\n<li>El icono del casino aparecer\u00e1 en tu pantalla de inicio como cualquier aplicaci\u00f3n nativa.<\/li>\n<\/ol>\n<p>Esta aplicaci\u00f3n web progresiva funciona de la misma manera tanto en iPhones como en iPads. Cambia autom\u00e1ticamente la interfaz para adaptarse a la pantalla de tu dispositivo. El dise\u00f1o optimizado para tabletas del iPad ofrece a los usuarios lo mejor de ambos mundos: la portabilidad del juego m\u00f3vil y m\u00e1s espacio en pantalla para gr\u00e1ficos detallados. Cada vez que abres la aplicaci\u00f3n, se actualiza autom\u00e1ticamente, por lo que siempre tienes los juegos y funciones m\u00e1s nuevos sin tener que actualizarla manualmente.<\/p>\n<h3>Soluci\u00f3n de Problemas Comunes de Instalaci\u00f3n<\/h3>\n<p>Si no ves la opci\u00f3n \u00abA\u00f1adir a la Pantalla de Inicio\u00bb en Safari, aseg\u00farate de no estar en Modo Privado, ya que esta funci\u00f3n se desactiva en ese modo. Cierra todas tus pesta\u00f1as de Safari, abre el navegador nuevamente en modo normal y vuelve a Casinobossy. El men\u00fa Compartir deber\u00eda mostrar ahora todas las opciones.<\/p>\n<p>Si tienes problemas para cargar despu\u00e9s de a\u00f1adir el icono, debes verificar tu conexi\u00f3n a internet y borrar la cach\u00e9 de Safari en Ajustes. Ve a Ajustes, elige Safari y luego toca Borrar Historial y Datos de Sitios Web. Para iniciar una nueva conexi\u00f3n, vuelve a tu pantalla de inicio y abre el icono de Casinobossy. Si los problemas persisten, mant\u00e9n pulsado el icono y elige Eliminar Aplicaci\u00f3n. Luego, instala la aplicaci\u00f3n nuevamente.<\/p>\n<p><img loading=\"lazy\" decoding=\"async\" src=\"https:\/\/thecasinobossy.com\/wp-content\/uploads\/2026\/01\/iOS-app.webp\" alt=\"iOS app\" width=\"1248\" height=\"536\" \/><\/p>\n<\/div><\/div><div style=\"clear: both\"><\/div><div class=\"d-flex justify-content-center\"><button data-item=\"decouvrez_link\" data-group=\"website_links\" class=\"goto fw-bold rounded-pill btn btn-orange\" aria-label=\"Descargar Casinobossy\" >Descargar Casinobossy<\/button><\/div><div class=\"scrollable-content-wrap my-5\"><div class=\"scrollable-content-inner\"><h2>Aplicaci\u00f3n Casino Bossy para Android<\/h2>\n<p>Hay dos formas f\u00e1ciles para que los usuarios de Android accedan a Casinobossy en sus dispositivos. La aplicaci\u00f3n web progresiva funciona a trav\u00e9s de Chrome, mientras que los accesos directos del dispositivo proporcionan acceso instant\u00e1neo desde tu pantalla de inicio. Ambas opciones te brindan la experiencia completa del casino sin tener que descargar nada desde Google Play Store.<\/p>\n<h3>Proceso de Instalaci\u00f3n<\/h3>\n<p>Solo toma unos segundos crear un acceso directo de Casinobossy en Android.<\/p>\n<ol>\n<li>Abre el navegador Chrome y ve al sitio del casino.<\/li>\n<li>En la esquina superior derecha de tu pantalla, haz clic en el icono del men\u00fa de tres puntos. En el men\u00fa desplegable, elige A\u00f1adir a la pantalla de inicio.<\/li>\n<li>Si lo deseas, puedes dar un nombre personalizado al acceso directo. Luego, toca A\u00f1adir para confirmar.<\/li>\n<li>El icono aparecer\u00e1 en tu pantalla de inicio de inmediato.<\/li>\n<\/ol>\n<p>Desliza el dedo hacia arriba desde la parte inferior de tu pantalla de inicio de Android para abrir el caj\u00f3n de aplicaciones. Esto te permitir\u00e1 acceder r\u00e1pidamente a cualquier aplicaci\u00f3n que ya tengas. Para a\u00f1adir un icono de aplicaci\u00f3n a tu pantalla de inicio, t\u00f3calo y mant\u00e9n pulsado, luego arr\u00e1stralo a donde quieras. Suelta el dedo para colocar el icono.<\/p>\n<p>Si activas las notificaciones durante tu primera visita, la versi\u00f3n para Android te mantendr\u00e1 al d\u00eda sobre actualizaciones de juegos y promociones. Puedes cambiar la configuraci\u00f3n de notificaciones en Chrome en cualquier momento, para que solo recibas alertas relevantes para tus intereses de juego.<\/p>\n<p><img loading=\"lazy\" decoding=\"async\" src=\"https:\/\/thecasinobossy.com\/wp-content\/uploads\/2026\/01\/Android-app.webp\" alt=\"Android app\" width=\"1248\" height=\"536\" \/><\/p>\n<\/div><\/div><div style=\"clear: both\"><\/div><div class=\"d-flex justify-content-center\"><button data-item=\"decouvrez_link\" data-group=\"website_links\" class=\"goto fw-bold rounded-pill btn btn-orange\" aria-label=\"Descarga la aplicaci\u00f3n Casinobossy\" >Descarga la aplicaci\u00f3n Casinobossy<\/button><\/div><div class=\"scrollable-content-wrap my-5\"><div class=\"scrollable-content-inner\"><h2>Caracter\u00edsticas de la Aplicaci\u00f3n Casino Bossy<\/h2>\n<p>La aplicaci\u00f3n de Casinobossy prioriza la velocidad y la fiabilidad en todos los dispositivos. Los juegos cargan en segundos porque el c\u00f3digo se ha optimizado para usar menos datos manteniendo la calidad de los gr\u00e1ficos. Esta eficiencia es especialmente \u00fatil para jugadores con conexiones de datos m\u00f3viles, ya que la aplicaci\u00f3n solo necesita una peque\u00f1a cantidad de ancho de banda para funcionar sin problemas.<\/p>\n<p>Los controles t\u00e1ctiles responden de inmediato a lo que haces, ya sea que est\u00e9s jugando a las tragamonedas, apostando en mesas virtuales o hablando con crupieres reales. Puedes cambiar la interfaz autom\u00e1ticamente entre los modos vertical y horizontal. Puedes gestionar tu cuenta directamente dentro de la aplicaci\u00f3n. Deposita dinero, completa el proceso de verificaci\u00f3n y contacta con el equipo de soporte a trav\u00e9s del chat en vivo sin salir del juego que est\u00e1s jugando.<\/p>\n<p>Para los jugadores a los que les gusta tener opciones, la aplicaci\u00f3n m\u00f3vil es m\u00e1s conveniente que jugar en una computadora. Puedes pausar f\u00e1cilmente un juego, cambiar de dispositivo y retomar justo donde lo dejaste sin perder ning\u00fan progreso. El dise\u00f1o simple de la aplicaci\u00f3n elimina todo lo que no es necesario, dejando solo los juegos y las funciones importantes de la cuenta.<\/p>\n<h3>Rendimiento y Compatibilidad entre Dispositivos<\/h3>\n<p>La aplicaci\u00f3n de Casinobossy funciona igual en cada dispositivo. Para obtener el mejor rendimiento, los usuarios de iOS necesitan un iPhone 8 o m\u00e1s nuevo con iOS 13 o superior. Los tel\u00e9fonos y tabletas Android que tengan al menos 2GB de RAM y ejecuten Android 8.0 o posterior tambi\u00e9n funcionar\u00e1n. Los usuarios de escritorio deben usar las versiones m\u00e1s recientes de Chrome, Firefox, Safari o Edge.<\/p>\n<p>La aplicaci\u00f3n cambia autom\u00e1ticamente la calidad de los gr\u00e1ficos seg\u00fan tu dispositivo y la velocidad de tu conexi\u00f3n a internet. Esta optimizaci\u00f3n inteligente asegura que incluso los dispositivos de gama media puedan reproducir sin problemas, y los tel\u00e9fonos y tabletas de gama alta obtengan mejores efectos visuales.<\/p>\n<h2>Preguntas Frecuentes<\/h2>\n<h3>\u00bfEs posible usar la aplicaci\u00f3n de Casinobossy sin descargar nada desde una tienda de aplicaciones?<\/h3>\n<p>Puedes configurar la aplicaci\u00f3n web progresiva de Casinobossy desde tu navegador. Solo sigue las instrucciones para tu dispositivo para a\u00f1adir el sitio web a tu pantalla de inicio. Podr\u00e1s acceder de inmediato sin tener que descargarlo desde la tienda de aplicaciones.<\/p>\n<h3>\u00bfLa aplicaci\u00f3n sincroniza mi progreso entre diferentes dispositivos?<\/h3>\n<p>Tu informaci\u00f3n de cuenta, historial de juegos y saldo de la billetera se sincronizan autom\u00e1ticamente en todos los dispositivos donde inicies sesi\u00f3n. Comienza una sesi\u00f3n de juego en tu tel\u00e9fono y contin\u00faa sin problemas en tu computadora de escritorio sin transferencias manuales.<\/p>\n<h3>\u00bfFuncionar\u00e1 la aplicaci\u00f3n en dispositivos m\u00e1s antiguos?<\/h3>\n<p>Los dispositivos de los \u00faltimos cinco a\u00f1os generalmente ofrecen un rendimiento excelente. Los modelos m\u00e1s antiguos pueden tardar m\u00e1s en cargar o tener una calidad gr\u00e1fica m\u00e1s baja, pero la mayor\u00eda de los tel\u00e9fonos inteligentes y computadoras de los \u00faltimos a\u00f1os todav\u00eda tienen las funciones centrales de juego.<\/p>\n<\/div><\/div><\/p>\n<p>&nbsp;<\/p>\n","protected":false},"excerpt":{"rendered":"<p>Aplicaci\u00f3n Casinobossy para M\u00f3vil y Escritorio La Casinobossy app te permite jugar todos tus juegos de casino favoritos en tu tel\u00e9fono, tableta o computadora, sin importar lo que m\u00e1s te guste. Puedes acceder a sus juegos preferidos al instante con una aplicaci\u00f3n web progresiva que funciona perfectamente en todas las plataformas. Tu cuenta y progreso [&hellip;]<\/p>\n","protected":false},"author":1,"featured_media":0,"parent":0,"menu_order":0,"comment_status":"closed","ping_status":"closed","template":"template-builder.php","meta":{"_acf_changed":false,"inline_featured_image":false,"footnotes":""},"class_list":["post-1426","page","type-page","status-publish","hentry"],"acf":[],"yoast_head":"<!-- This site is optimized with the Yoast SEO plugin v27.3 - https:\/\/yoast.com\/product\/yoast-seo-wordpress\/ -->\n<title>Casinobossy App | Descargar para iOS y Android<\/title>\n<meta name=\"description\" content=\"Con la Casino Bossy app, tu biblioteca completa de juegos siempre est\u00e1 a mano. Juega a miles de juegos con acceso instant\u00e1neo, banca confiable dentro de la app y atenci\u00f3n al cliente 24\/7.\" \/>\n<meta name=\"robots\" content=\"index, follow, max-snippet:-1, max-image-preview:large, max-video-preview:-1\" \/>\n<link rel=\"canonical\" href=\"https:\/\/thecasinobossy.com\/es\/aplicacion\/\" \/>\n<meta property=\"og:locale\" content=\"es_ES\" \/>\n<meta property=\"og:type\" content=\"article\" \/>\n<meta property=\"og:title\" content=\"Casinobossy App | Descargar para iOS y Android\" \/>\n<meta property=\"og:description\" content=\"Con la Casino Bossy app, tu biblioteca completa de juegos siempre est\u00e1 a mano. Juega a miles de juegos con acceso instant\u00e1neo, banca confiable dentro de la app y atenci\u00f3n al cliente 24\/7.\" \/>\n<meta property=\"og:url\" content=\"https:\/\/thecasinobossy.com\/es\/aplicacion\/\" \/>\n<meta property=\"og:site_name\" content=\"casinobossy\" \/>\n<meta property=\"article:modified_time\" content=\"2026-01-12T13:23:19+00:00\" \/>\n<meta name=\"twitter:card\" content=\"summary_large_image\" \/>\n<meta name=\"twitter:label1\" content=\"Est. reading time\" \/>\n\t<meta name=\"twitter:data1\" content=\"1 minuto\" \/>\n<script type=\"application\/ld+json\" class=\"yoast-schema-graph\">{\"@context\":\"https:\\\/\\\/schema.org\",\"@graph\":[{\"@type\":\"WebPage\",\"@id\":\"https:\\\/\\\/thecasinobossy.com\\\/es\\\/aplicacion\\\/\",\"url\":\"https:\\\/\\\/thecasinobossy.com\\\/es\\\/aplicacion\\\/\",\"name\":\"Casinobossy App | Descargar para iOS y Android\",\"isPartOf\":{\"@id\":\"https:\\\/\\\/thecasinobossy.com\\\/es\\\/#website\"},\"datePublished\":\"2026-01-12T09:45:31+00:00\",\"dateModified\":\"2026-01-12T13:23:19+00:00\",\"description\":\"Con la Casino Bossy app, tu biblioteca completa de juegos siempre est\u00e1 a mano. Juega a miles de juegos con acceso instant\u00e1neo, banca confiable dentro de la app y atenci\u00f3n al cliente 24\\\/7.\",\"breadcrumb\":{\"@id\":\"https:\\\/\\\/thecasinobossy.com\\\/es\\\/aplicacion\\\/#breadcrumb\"},\"inLanguage\":\"es\",\"potentialAction\":[{\"@type\":\"ReadAction\",\"target\":[\"https:\\\/\\\/thecasinobossy.com\\\/es\\\/aplicacion\\\/\"]}]},{\"@type\":\"BreadcrumbList\",\"@id\":\"https:\\\/\\\/thecasinobossy.com\\\/es\\\/aplicacion\\\/#breadcrumb\",\"itemListElement\":[{\"@type\":\"ListItem\",\"position\":1,\"name\":\"Casinobossy\",\"item\":\"https:\\\/\\\/thecasinobossy.com\\\/es\\\/\"},{\"@type\":\"ListItem\",\"position\":2,\"name\":\"Aplicaci\u00f3n\"}]},{\"@type\":\"WebSite\",\"@id\":\"https:\\\/\\\/thecasinobossy.com\\\/es\\\/#website\",\"url\":\"https:\\\/\\\/thecasinobossy.com\\\/es\\\/\",\"name\":\"Casinobossy\",\"description\":\"\",\"publisher\":{\"@id\":\"https:\\\/\\\/thecasinobossy.com\\\/es\\\/#organization\"},\"potentialAction\":[{\"@type\":\"SearchAction\",\"target\":{\"@type\":\"EntryPoint\",\"urlTemplate\":\"https:\\\/\\\/thecasinobossy.com\\\/es\\\/?s={search_term_string}\"},\"query-input\":{\"@type\":\"PropertyValueSpecification\",\"valueRequired\":true,\"valueName\":\"search_term_string\"}}],\"inLanguage\":\"es\"},{\"@type\":\"Organization\",\"@id\":\"https:\\\/\\\/thecasinobossy.com\\\/es\\\/#organization\",\"name\":\"Casinobossy\",\"url\":\"https:\\\/\\\/thecasinobossy.com\\\/es\\\/\",\"logo\":{\"@type\":\"ImageObject\",\"inLanguage\":\"es\",\"@id\":\"https:\\\/\\\/thecasinobossy.com\\\/es\\\/#\\\/schema\\\/logo\\\/image\\\/\",\"url\":\"https:\\\/\\\/thecasinobossy.com\\\/wp-content\\\/uploads\\\/2026\\\/01\\\/Casinobossy-logo.svg\",\"contentUrl\":\"https:\\\/\\\/thecasinobossy.com\\\/wp-content\\\/uploads\\\/2026\\\/01\\\/Casinobossy-logo.svg\",\"width\":94,\"height\":20,\"caption\":\"Casinobossy\"},\"image\":{\"@id\":\"https:\\\/\\\/thecasinobossy.com\\\/es\\\/#\\\/schema\\\/logo\\\/image\\\/\"}}]}<\/script>\n<!-- \/ Yoast SEO plugin. -->","yoast_head_json":{"title":"Casinobossy App | Descargar para iOS y Android","description":"Con la Casino Bossy app, tu biblioteca completa de juegos siempre est\u00e1 a mano. Juega a miles de juegos con acceso instant\u00e1neo, banca confiable dentro de la app y atenci\u00f3n al cliente 24\/7.","robots":{"index":"index","follow":"follow","max-snippet":"max-snippet:-1","max-image-preview":"max-image-preview:large","max-video-preview":"max-video-preview:-1"},"canonical":"https:\/\/thecasinobossy.com\/es\/aplicacion\/","og_locale":"es_ES","og_type":"article","og_title":"Casinobossy App | Descargar para iOS y Android","og_description":"Con la Casino Bossy app, tu biblioteca completa de juegos siempre est\u00e1 a mano. Juega a miles de juegos con acceso instant\u00e1neo, banca confiable dentro de la app y atenci\u00f3n al cliente 24\/7.","og_url":"https:\/\/thecasinobossy.com\/es\/aplicacion\/","og_site_name":"casinobossy","article_modified_time":"2026-01-12T13:23:19+00:00","twitter_card":"summary_large_image","twitter_misc":{"Est. reading time":"1 minuto"},"schema":{"@context":"https:\/\/schema.org","@graph":[{"@type":"WebPage","@id":"https:\/\/thecasinobossy.com\/es\/aplicacion\/","url":"https:\/\/thecasinobossy.com\/es\/aplicacion\/","name":"Casinobossy App | Descargar para iOS y Android","isPartOf":{"@id":"https:\/\/thecasinobossy.com\/es\/#website"},"datePublished":"2026-01-12T09:45:31+00:00","dateModified":"2026-01-12T13:23:19+00:00","description":"Con la Casino Bossy app, tu biblioteca completa de juegos siempre est\u00e1 a mano. Juega a miles de juegos con acceso instant\u00e1neo, banca confiable dentro de la app y atenci\u00f3n al cliente 24\/7.","breadcrumb":{"@id":"https:\/\/thecasinobossy.com\/es\/aplicacion\/#breadcrumb"},"inLanguage":"es","potentialAction":[{"@type":"ReadAction","target":["https:\/\/thecasinobossy.com\/es\/aplicacion\/"]}]},{"@type":"BreadcrumbList","@id":"https:\/\/thecasinobossy.com\/es\/aplicacion\/#breadcrumb","itemListElement":[{"@type":"ListItem","position":1,"name":"Casinobossy","item":"https:\/\/thecasinobossy.com\/es\/"},{"@type":"ListItem","position":2,"name":"Aplicaci\u00f3n"}]},{"@type":"WebSite","@id":"https:\/\/thecasinobossy.com\/es\/#website","url":"https:\/\/thecasinobossy.com\/es\/","name":"Casinobossy","description":"","publisher":{"@id":"https:\/\/thecasinobossy.com\/es\/#organization"},"potentialAction":[{"@type":"SearchAction","target":{"@type":"EntryPoint","urlTemplate":"https:\/\/thecasinobossy.com\/es\/?s={search_term_string}"},"query-input":{"@type":"PropertyValueSpecification","valueRequired":true,"valueName":"search_term_string"}}],"inLanguage":"es"},{"@type":"Organization","@id":"https:\/\/thecasinobossy.com\/es\/#organization","name":"Casinobossy","url":"https:\/\/thecasinobossy.com\/es\/","logo":{"@type":"ImageObject","inLanguage":"es","@id":"https:\/\/thecasinobossy.com\/es\/#\/schema\/logo\/image\/","url":"https:\/\/thecasinobossy.com\/wp-content\/uploads\/2026\/01\/Casinobossy-logo.svg","contentUrl":"https:\/\/thecasinobossy.com\/wp-content\/uploads\/2026\/01\/Casinobossy-logo.svg","width":94,"height":20,"caption":"Casinobossy"},"image":{"@id":"https:\/\/thecasinobossy.com\/es\/#\/schema\/logo\/image\/"}}]}},"_links":{"self":[{"href":"https:\/\/thecasinobossy.com\/es\/wp-json\/wp\/v2\/pages\/1426","targetHints":{"allow":["GET"]}}],"collection":[{"href":"https:\/\/thecasinobossy.com\/es\/wp-json\/wp\/v2\/pages"}],"about":[{"href":"https:\/\/thecasinobossy.com\/es\/wp-json\/wp\/v2\/types\/page"}],"author":[{"embeddable":true,"href":"https:\/\/thecasinobossy.com\/es\/wp-json\/wp\/v2\/users\/1"}],"replies":[{"embeddable":true,"href":"https:\/\/thecasinobossy.com\/es\/wp-json\/wp\/v2\/comments?post=1426"}],"version-history":[{"count":2,"href":"https:\/\/thecasinobossy.com\/es\/wp-json\/wp\/v2\/pages\/1426\/revisions"}],"predecessor-version":[{"id":1779,"href":"https:\/\/thecasinobossy.com\/es\/wp-json\/wp\/v2\/pages\/1426\/revisions\/1779"}],"wp:attachment":[{"href":"https:\/\/thecasinobossy.com\/es\/wp-json\/wp\/v2\/media?parent=1426"}],"curies":[{"name":"wp","href":"https:\/\/api.w.org\/{rel}","templated":true}]}}