{"id":1417,"date":"2026-01-12T09:45:31","date_gmt":"2026-01-12T09:45:31","guid":{"rendered":"https:\/\/thecasinobossy.com\/app\/"},"modified":"2026-01-12T10:59:10","modified_gmt":"2026-01-12T10:59:10","slug":"app","status":"publish","type":"page","link":"https:\/\/thecasinobossy.com\/fr\/app\/","title":{"rendered":"App"},"content":{"rendered":"<h1>Application Casinobossy pour Mobile et Bureau<\/h1>\n<p>Casinobossy app vous permet de jouer \u00e0 tous vos jeux de casino pr\u00e9f\u00e9r\u00e9s sur votre t\u00e9l\u00e9phone, tablette ou ordinateur, quelle que soit votre pr\u00e9f\u00e9rence. Vous pouvez acc\u00e9der \u00e0 leurs jeux pr\u00e9f\u00e9r\u00e9s imm\u00e9diatement avec une application web progressive qui fonctionne parfaitement sur toutes les plateformes. Votre compte et votre progression se synchronisent automatiquement entre les appareils, afin que vous puissiez jouer \u00e0 domicile ou en d\u00e9placement.<\/p>\n<p><div class=\"banner-wrap\" aria-label=\"Banner\"><img src=\"https:\/\/thecasinobossy.com\/wp-content\/uploads\/2026\/01\/Casinobossy-banner-carousel-800\u0445400.webp\" class=\"w-100 d-none d-lg-block img-pc main-banner-img\" alt=\"Casinobossy desktop banner\" fetchpriority=\"high\" decoding=\"async\"><img src=\"https:\/\/thecasinobossy.com\/wp-content\/uploads\/2026\/01\/Mobile-banner-1.webp\" class=\"w-100 d-none d-md-block d-lg-none main-banner-img\" alt=\"Mobile banner\" fetchpriority=\"high\" decoding=\"async\"><img src=\"https:\/\/thecasinobossy.com\/wp-content\/uploads\/2026\/01\/Mobile-banner-1.webp\" class=\"w-100 d-md-none\" alt=\"Mobile banner\" fetchpriority=\"high\" decoding=\"async\"><div class=\"banner-description\">\n<div class=\"banner-title\">Bonus de bienvenue<\/div>\n<p class=\"banner-header-title\">1500 \u20ac<\/p>\n<div class=\"banner-header-AdditionalText\">+ 250 Tours gratuits<\/div>\n<button data-item=\"homepage_banner_link\" class=\"goto m-button m-gradient-border m-button--primary m-button--large banner-button btn-orange\">\n            <div class=\"m-button-content\">\n                <span>Inscrivez-vous d\u00e8s maintenant<\/span>\n                <span><\/span>\n            <\/div>\n        <\/button>\n<\/div>\n<div class=\"WelcomePack\">\n<p><img loading=\"lazy\" decoding=\"async\" class=\"alignnone size-full wp-image-1338\" src=\"https:\/\/thecasinobossy.com\/wp-content\/uploads\/2026\/01\/welcome-crown.svg\" alt=\"crown\" width=\"25\" height=\"26\" \/><\/p>\n<div class=\"WelcomePack-Info\">Cashback hebdomadaire jusqu&rsquo;\u00e0 25 %<\/div>\n<p><img loading=\"lazy\" decoding=\"async\" class=\"alignnone size-full wp-image-1338\" src=\"https:\/\/thecasinobossy.com\/wp-content\/uploads\/2026\/01\/welcome-crown.svg\" alt=\"crown\" width=\"25\" height=\"26\" \/><\/p>\n<\/div>\n<\/div><div class=\"scrollable-content-wrap my-5\"><div class=\"scrollable-content-inner\"><h2>Casinobossy sur Bureau pour MacOS ou Windows<\/h2>\n<p>Les joueurs sur ordinateur n&rsquo;ont pas besoin de t\u00e9l\u00e9charger de logiciel suppl\u00e9mentaire pour acc\u00e9der \u00e0 Casinobossy. Ils peuvent simplement utiliser n&rsquo;importe quel navigateur web moderne. La plateforme s&rsquo;ajuste automatiquement \u00e0 la taille de votre \u00e9cran, vous permettant ainsi de profiter d&rsquo;une exp\u00e9rience de casino compl\u00e8te sur MacOS, Windows ou Linux. Entrez vos informations de compte sur le site web Casinobossy, puis vous pouvez commencer \u00e0 jouer imm\u00e9diatement.<\/p>\n<p>La version bureau pr\u00e9sente quelques avantages pour les joueurs qui aiment les grands \u00e9crans. Avec des menus \u00e9tendus et des filtres de jeux plac\u00e9s de mani\u00e8re pro\u00e9minente dans l&rsquo;interface, il est plus facile de s&rsquo;orienter. Le plus grand \u00e9cran montre \u00e9galement les graphismes des jeux avec plus de d\u00e9tails, ce qui rend les machines \u00e0 sous aux animations complexes et les jeux de croupier en direct encore plus r\u00e9alistes.<\/p>\n<h3>Diff\u00e9rences entre le Gameplay sur Bureau et Mobile<\/h3>\n<p>L&rsquo;exp\u00e9rience de jeu de base est la m\u00eame sur tous les appareils, mais jouer sur un ordinateur de bureau par rapport \u00e0 un appareil mobile diff\u00e8re \u00e0 certains \u00e9gards. Avoir un ordinateur de bureau facilite la consultation des r\u00e8gles du jeu, la v\u00e9rification de votre solde et la discussion avec le service client sans interrompre le jeu.<\/p>\n<p>Les commandes tactiles et les interfaces simplifi\u00e9es con\u00e7ues pour les \u00e9crans plus petits sont importantes pour tout casino mobile. Comme les ressources ont \u00e9t\u00e9 optimis\u00e9es, les jeux se chargent un peu plus vite sur les appareils mobiles. L&rsquo;orientation portrait est \u00e9galement parfaite pour les machines \u00e0 sous en ligne classiques et les jeux de cartes.<\/p>\n<table>\n<tbody>\n<tr>\n<td>Plateforme<\/td>\n<td>Id\u00e9al Pour<\/td>\n<td>Avantage Cl\u00e9<\/td>\n<\/tr>\n<tr>\n<td>Bureau<\/td>\n<td>Sessions de jeu prolong\u00e9es, jeu multi-tables<\/td>\n<td>Grand \u00e9cran, acc\u00e8s complet au clavier<\/td>\n<\/tr>\n<tr>\n<td>Mobile<\/td>\n<td>Sessions rapides, jeu en d\u00e9placement<\/td>\n<td>Portabilit\u00e9, commandes optimis\u00e9es pour le tactile<\/td>\n<\/tr>\n<\/tbody>\n<\/table>\n<p><img loading=\"lazy\" decoding=\"async\" src=\"https:\/\/thecasinobossy.com\/wp-content\/uploads\/2026\/01\/Desktop.webp\" alt=\"Desktop\" width=\"1248\" height=\"536\" \/><\/p>\n<\/div><\/div><div style=\"clear: both\"><\/div><div class=\"d-flex justify-content-center\"><button data-item=\"decouvrez_link\" data-group=\"website_links\" class=\"goto fw-bold rounded-pill btn btn-orange\" aria-label=\"T\u00e9l\u00e9chargez l&#039;application Casinobossy\" >T\u00e9l\u00e9chargez l&#039;application Casinobossy<\/button><\/div><div class=\"scrollable-content-wrap my-5\"><div class=\"scrollable-content-inner\"><h2>Application Mobile pour iPhones et iPads<\/h2>\n<p>Les utilisateurs iOS peuvent utiliser Safari pour ajouter le casino Casinobossy \u00e0 leur \u00e9cran d&rsquo;accueil.<\/p>\n<ol>\n<li>Ouvrez le site web Casinobossy dans Safari, puis appuyez sur le bouton de partage en bas de votre \u00e9cran.<\/li>\n<li>Faites d\u00e9filer les options et s\u00e9lectionnez \u00ab\u00a0Ajouter \u00e0 l&rsquo;\u00c9cran d&rsquo;Accueil\u00a0\u00bb, puis confirmez en appuyant sur \u00ab\u00a0Ajouter\u00a0\u00bb.<\/li>\n<li>L&rsquo;ic\u00f4ne du casino appara\u00eetra sur votre \u00e9cran d&rsquo;accueil exactement comme une application native.<\/li>\n<\/ol>\n<p>Cette application web progressive fonctionne de la m\u00eame mani\u00e8re sur les iPhones et les iPads. Elle change automatiquement l&rsquo;interface pour s&rsquo;adapter \u00e0 l&rsquo;\u00e9cran de votre appareil. La disposition optimis\u00e9e pour tablette de l&rsquo;iPad offre aux utilisateurs le meilleur des deux mondes : la portabilit\u00e9 du jeu mobile et plus d&rsquo;espace d&rsquo;\u00e9cran pour des graphismes d\u00e9taill\u00e9s. Chaque fois que vous ouvrez l&rsquo;application, elle se met \u00e0 jour automatiquement, vous avez donc toujours les derniers jeux et fonctionnalit\u00e9s sans avoir \u00e0 la mettre \u00e0 jour vous-m\u00eame.<\/p>\n<h3>R\u00e9solution des Probl\u00e8mes d&rsquo;Installation Courants<\/h3>\n<p>Si vous ne voyez pas l&rsquo;option \u00ab\u00a0Ajouter \u00e0 l&rsquo;\u00c9cran d&rsquo;Accueil\u00a0\u00bb dans Safari, assurez-vous de ne pas \u00eatre en Mode Navigation Priv\u00e9e, car cette fonctionnalit\u00e9 est d\u00e9sactiv\u00e9e en Mode Navigation Priv\u00e9e. Fermez tous vos onglets Safari, rouvrez le navigateur en mode normal et retournez sur Casinobossy. Le menu de partage devrait maintenant afficher tous les choix.<\/p>\n<p>Si vous rencontrez des probl\u00e8mes de chargement apr\u00e8s avoir ajout\u00e9 l&rsquo;ic\u00f4ne, vous devriez v\u00e9rifier votre connexion Internet et effacer le cache de Safari dans les Param\u00e8tres. Allez dans Param\u00e8tres, choisissez Safari, puis appuyez sur \u00ab\u00a0Effacer l&rsquo;Historique et les Donn\u00e9es des Sites\u00a0\u00bb. Pour \u00e9tablir une nouvelle connexion, retournez sur votre \u00e9cran d&rsquo;accueil et ouvrez l&rsquo;ic\u00f4ne Casinobossy. Si les probl\u00e8mes persistent, appuyez longuement sur l&rsquo;ic\u00f4ne et choisissez \u00ab\u00a0Supprimer l&rsquo;Application\u00a0\u00bb. Ensuite, r\u00e9installez l&rsquo;application.<\/p>\n<p><img loading=\"lazy\" decoding=\"async\" src=\"https:\/\/thecasinobossy.com\/wp-content\/uploads\/2026\/01\/iOS-app.webp\" alt=\"iOS app\" width=\"1248\" height=\"536\" \/><\/p>\n<\/div><\/div><div style=\"clear: both\"><\/div><div class=\"d-flex justify-content-center\"><button data-item=\"decouvrez_link\" data-group=\"website_links\" class=\"goto fw-bold rounded-pill btn btn-orange\" aria-label=\"T\u00e9l\u00e9charger Casinobossy\" >T\u00e9l\u00e9charger Casinobossy<\/button><\/div><div class=\"scrollable-content-wrap my-5\"><div class=\"scrollable-content-inner\"><h2>Application Casino Bossy pour Android<\/h2>\n<p>Il existe deux fa\u00e7ons simples pour les utilisateurs Android d&rsquo;acc\u00e9der \u00e0 Casinobossy sur leurs appareils. L&rsquo;application web progressive fonctionne via Chrome, tandis que les raccourcis d&rsquo;appareil offrent un acc\u00e8s instantan\u00e9 depuis votre \u00e9cran d&rsquo;accueil. Les deux options vous offrent l&rsquo;exp\u00e9rience compl\u00e8te du casino sans avoir \u00e0 t\u00e9l\u00e9charger quoi que ce soit depuis le Google Play Store.<\/p>\n<h3>Processus d&rsquo;Installation<\/h3>\n<p>Il ne faut que quelques secondes pour cr\u00e9er un raccourci Casinobossy sur Android.<\/p>\n<ol>\n<li>Lancez le navigateur Chrome et allez sur le site du casino.<\/li>\n<li>Dans le coin sup\u00e9rieur droit de votre \u00e9cran, cliquez sur l&rsquo;ic\u00f4ne de menu \u00e0 trois points. Dans le menu d\u00e9roulant, choisissez \u00ab\u00a0Ajouter \u00e0 l&rsquo;\u00c9cran d&rsquo;Accueil\u00a0\u00bb.<\/li>\n<li>Si vous le souhaitez, vous pouvez donner un nom personnalis\u00e9 au raccourci. Ensuite, appuyez sur \u00ab\u00a0Ajouter\u00a0\u00bb pour confirmer.<\/li>\n<li>L&rsquo;ic\u00f4ne appara\u00eetra imm\u00e9diatement sur votre \u00e9cran d&rsquo;accueil.<\/li>\n<\/ol>\n<p>Glissez vers le haut depuis le bas de l&rsquo;\u00e9cran d&rsquo;accueil Android pour ouvrir le tiroir d&rsquo;applications. Cela vous permettra d&rsquo;acc\u00e9der rapidement \u00e0 toutes les applications que vous avez d\u00e9j\u00e0. Pour ajouter une ic\u00f4ne d&rsquo;application \u00e0 votre \u00e9cran d&rsquo;accueil, touchez-la et maintenez la pression, puis faites-la glisser \u00e0 l&rsquo;endroit souhait\u00e9. Rel\u00e2chez votre doigt pour placer l&rsquo;ic\u00f4ne.<\/p>\n<p>Si vous activez les notifications lors de votre premi\u00e8re visite, la version Android vous tiendra inform\u00e9 des mises \u00e0 jour des jeux et des promotions. Vous pouvez modifier vos param\u00e8tres de notification dans Chrome \u00e0 tout moment, afin de ne recevoir que des alertes pertinentes pour vos centres d&rsquo;int\u00e9r\u00eat de jeu.<\/p>\n<p><img loading=\"lazy\" decoding=\"async\" src=\"https:\/\/thecasinobossy.com\/wp-content\/uploads\/2026\/01\/Android-app.webp\" alt=\"Android app\" width=\"1248\" height=\"536\" \/><\/p>\n<\/div><\/div><div style=\"clear: both\"><\/div><div class=\"d-flex justify-content-center\"><button data-item=\"decouvrez_link\" data-group=\"website_links\" class=\"goto fw-bold rounded-pill btn btn-orange\" aria-label=\"T\u00e9l\u00e9chargez l&#039;application Casinobossy\" >T\u00e9l\u00e9chargez l&#039;application Casinobossy<\/button><\/div><div class=\"scrollable-content-wrap my-5\"><div class=\"scrollable-content-inner\"><h2>Fonctionnalit\u00e9s de l&rsquo;Application Casino Bossy<\/h2>\n<p>L&rsquo;application Casinobossy privil\u00e9gie la vitesse et la fiabilit\u00e9 sur tous les appareils. Les jeux se chargent en quelques secondes car le code a \u00e9t\u00e9 optimis\u00e9 pour utiliser moins de donn\u00e9es tout en conservant la qualit\u00e9 des graphismes. Cette efficacit\u00e9 est particuli\u00e8rement utile pour les joueurs sur connexions de donn\u00e9es mobiles, car l&rsquo;application n&rsquo;a besoin que d&rsquo;une petite quantit\u00e9 de bande passante pour fonctionner correctement.<\/p>\n<p>Les commandes tactiles r\u00e9agissent imm\u00e9diatement \u00e0 vos actions, que vous jouiez aux machines \u00e0 sous, pariiez sur des tables virtuelles ou parliez \u00e0 de vrais croupiers. Vous pouvez changer automatiquement l&rsquo;interface entre les modes portrait et paysage. Vous pouvez g\u00e9rer votre compte directement dans l&rsquo;application. D\u00e9posez de l&rsquo;argent, terminez le processus de v\u00e9rification et contactez une \u00e9quipe de support via le chat en direct sans quitter le jeu auquel vous jouez.<\/p>\n<p>Pour les joueurs qui aiment avoir des options, l&rsquo;application mobile est plus pratique que de jouer sur un ordinateur. Vous pouvez facilement mettre un jeu en pause, changer d&rsquo;appareil et reprendre exactement l\u00e0 o\u00f9 vous vous \u00eates arr\u00eat\u00e9 sans perdre de progression. Le design simple de l&rsquo;application \u00e9limine tout ce qui n&rsquo;est pas n\u00e9cessaire, ne laissant que les jeux et les fonctionnalit\u00e9s importantes du compte.<\/p>\n<h3>Performances et Compatibilit\u00e9 sur Diff\u00e9rents Appareils<\/h3>\n<p>L&rsquo;application Casinobossy fonctionne de la m\u00eame mani\u00e8re sur chaque appareil. Pour obtenir les meilleures performances, les utilisateurs iOS ont besoin d&rsquo;un iPhone 8 ou plus r\u00e9cent avec iOS 13 ou une version ult\u00e9rieure. Les t\u00e9l\u00e9phones et tablettes Android disposant d&rsquo;au moins 2 Go de RAM et ex\u00e9cutant Android 8.0 ou une version ult\u00e9rieure fonctionneront \u00e9galement. Les utilisateurs de bureau doivent utiliser les versions les plus r\u00e9centes de Chrome, Firefox, Safari ou Edge.<\/p>\n<p>L&rsquo;application ajuste automatiquement la qualit\u00e9 des graphismes en fonction de votre appareil et de la vitesse de votre connexion Internet. Cette optimisation intelligente garantit que m\u00eame les appareils de milieu de gamme peuvent jouer de mani\u00e8re fluide, et que les t\u00e9l\u00e9phones et tablettes haut de gamme b\u00e9n\u00e9ficient de meilleurs effets visuels.<\/p>\n<h2>FAQ<\/h2>\n<h3>Est-il possible d&rsquo;utiliser l&rsquo;application Casinobossy sans rien t\u00e9l\u00e9charger depuis un magasin d&rsquo;applications ?<\/h3>\n<p>Vous pouvez configurer l&rsquo;application web progressive de Casinobossy depuis votre navigateur. Suivez simplement les instructions pour votre appareil afin d&rsquo;ajouter le site web \u00e0 votre \u00e9cran d&rsquo;accueil. Vous pourrez y acc\u00e9der imm\u00e9diatement sans avoir \u00e0 le t\u00e9l\u00e9charger depuis le magasin d&rsquo;applications.<\/p>\n<h3>L&rsquo;application synchronise-t-elle ma progression entre diff\u00e9rents appareils ?<\/h3>\n<p>Les informations de votre compte, l&rsquo;historique des jeux et le solde de votre portefeuille se synchronisent automatiquement sur tous les appareils sur lesquels vous vous connectez. Commencez une session de jeu sur votre t\u00e9l\u00e9phone et continuez de mani\u00e8re transparente sur votre ordinateur de bureau sans aucun transfert manuel.<\/p>\n<h3>L&rsquo;application fonctionnera-t-elle sur des appareils plus anciens ?<\/h3>\n<p>Les appareils des cinq derni\u00e8res ann\u00e9es offrent g\u00e9n\u00e9ralement d&rsquo;excellentes performances. Les mod\u00e8les plus anciens peuvent prendre plus de temps \u00e0 charger ou avoir une qualit\u00e9 graphique inf\u00e9rieure, mais la plupart des smartphones et ordinateurs des derni\u00e8res ann\u00e9es conservent les fonctionnalit\u00e9s de gameplay de base.<\/p>\n<\/div><\/div><\/p>\n<p>&nbsp;<\/p>\n","protected":false},"excerpt":{"rendered":"<p>Application Casinobossy pour Mobile et Bureau Casinobossy app vous permet de jouer \u00e0 tous vos jeux de casino pr\u00e9f\u00e9r\u00e9s sur votre t\u00e9l\u00e9phone, tablette ou ordinateur, quelle que soit votre pr\u00e9f\u00e9rence. Vous pouvez acc\u00e9der \u00e0 leurs jeux pr\u00e9f\u00e9r\u00e9s imm\u00e9diatement avec une application web progressive qui fonctionne parfaitement sur toutes les plateformes. Votre compte et votre progression [&hellip;]<\/p>\n","protected":false},"author":1,"featured_media":0,"parent":0,"menu_order":0,"comment_status":"closed","ping_status":"closed","template":"template-builder.php","meta":{"_acf_changed":false,"inline_featured_image":false,"footnotes":""},"class_list":["post-1417","page","type-page","status-publish","hentry"],"acf":[],"yoast_head":"<!-- This site is optimized with the Yoast SEO plugin v27.3 - https:\/\/yoast.com\/product\/yoast-seo-wordpress\/ -->\n<title>Casinobossy App | T\u00e9l\u00e9chargement iOS et Android<\/title>\n<meta name=\"description\" content=\"Avec Casino Bossy app, votre ludoth\u00e8que compl\u00e8te vous accompagne partout. Jouez \u00e0 des milliers de jeux instantan\u00e9ment, profitez de transactions bancaires s\u00e9curis\u00e9es int\u00e9gr\u00e9es et d&#039;une assistance client disponible 24h\/24 et 7j\/7.\" \/>\n<meta name=\"robots\" content=\"index, follow, max-snippet:-1, max-image-preview:large, max-video-preview:-1\" \/>\n<link rel=\"canonical\" href=\"https:\/\/thecasinobossy.com\/fr\/app\/\" \/>\n<meta property=\"og:locale\" content=\"fr_FR\" \/>\n<meta property=\"og:type\" content=\"article\" \/>\n<meta property=\"og:title\" content=\"Casinobossy App | T\u00e9l\u00e9chargement iOS et Android\" \/>\n<meta property=\"og:description\" content=\"Avec Casino Bossy app, votre ludoth\u00e8que compl\u00e8te vous accompagne partout. Jouez \u00e0 des milliers de jeux instantan\u00e9ment, profitez de transactions bancaires s\u00e9curis\u00e9es int\u00e9gr\u00e9es et d&#039;une assistance client disponible 24h\/24 et 7j\/7.\" \/>\n<meta property=\"og:url\" content=\"https:\/\/thecasinobossy.com\/fr\/app\/\" \/>\n<meta property=\"og:site_name\" content=\"casinobossy\" \/>\n<meta property=\"article:modified_time\" content=\"2026-01-12T10:59:10+00:00\" \/>\n<meta name=\"twitter:card\" content=\"summary_large_image\" \/>\n<meta name=\"twitter:label1\" content=\"Dur\u00e9e de lecture estim\u00e9e\" \/>\n\t<meta name=\"twitter:data1\" content=\"1 minute\" \/>\n<script type=\"application\/ld+json\" class=\"yoast-schema-graph\">{\"@context\":\"https:\\\/\\\/schema.org\",\"@graph\":[{\"@type\":\"WebPage\",\"@id\":\"https:\\\/\\\/thecasinobossy.com\\\/fr\\\/app\\\/\",\"url\":\"https:\\\/\\\/thecasinobossy.com\\\/fr\\\/app\\\/\",\"name\":\"Casinobossy App | T\u00e9l\u00e9chargement iOS et Android\",\"isPartOf\":{\"@id\":\"https:\\\/\\\/thecasinobossy.com\\\/fr\\\/#website\"},\"datePublished\":\"2026-01-12T09:45:31+00:00\",\"dateModified\":\"2026-01-12T10:59:10+00:00\",\"description\":\"Avec Casino Bossy app, votre ludoth\u00e8que compl\u00e8te vous accompagne partout. Jouez \u00e0 des milliers de jeux instantan\u00e9ment, profitez de transactions bancaires s\u00e9curis\u00e9es int\u00e9gr\u00e9es et d'une assistance client disponible 24h\\\/24 et 7j\\\/7.\",\"breadcrumb\":{\"@id\":\"https:\\\/\\\/thecasinobossy.com\\\/fr\\\/app\\\/#breadcrumb\"},\"inLanguage\":\"fr-FR\",\"potentialAction\":[{\"@type\":\"ReadAction\",\"target\":[\"https:\\\/\\\/thecasinobossy.com\\\/fr\\\/app\\\/\"]}]},{\"@type\":\"BreadcrumbList\",\"@id\":\"https:\\\/\\\/thecasinobossy.com\\\/fr\\\/app\\\/#breadcrumb\",\"itemListElement\":[{\"@type\":\"ListItem\",\"position\":1,\"name\":\"Casinobossy\",\"item\":\"https:\\\/\\\/thecasinobossy.com\\\/fr\\\/\"},{\"@type\":\"ListItem\",\"position\":2,\"name\":\"App\"}]},{\"@type\":\"WebSite\",\"@id\":\"https:\\\/\\\/thecasinobossy.com\\\/fr\\\/#website\",\"url\":\"https:\\\/\\\/thecasinobossy.com\\\/fr\\\/\",\"name\":\"Casinobossy\",\"description\":\"\",\"publisher\":{\"@id\":\"https:\\\/\\\/thecasinobossy.com\\\/fr\\\/#organization\"},\"potentialAction\":[{\"@type\":\"SearchAction\",\"target\":{\"@type\":\"EntryPoint\",\"urlTemplate\":\"https:\\\/\\\/thecasinobossy.com\\\/fr\\\/?s={search_term_string}\"},\"query-input\":{\"@type\":\"PropertyValueSpecification\",\"valueRequired\":true,\"valueName\":\"search_term_string\"}}],\"inLanguage\":\"fr-FR\"},{\"@type\":\"Organization\",\"@id\":\"https:\\\/\\\/thecasinobossy.com\\\/fr\\\/#organization\",\"name\":\"Casinobossy\",\"url\":\"https:\\\/\\\/thecasinobossy.com\\\/fr\\\/\",\"logo\":{\"@type\":\"ImageObject\",\"inLanguage\":\"fr-FR\",\"@id\":\"https:\\\/\\\/thecasinobossy.com\\\/fr\\\/#\\\/schema\\\/logo\\\/image\\\/\",\"url\":\"https:\\\/\\\/thecasinobossy.com\\\/wp-content\\\/uploads\\\/2026\\\/01\\\/Casinobossy-logo.svg\",\"contentUrl\":\"https:\\\/\\\/thecasinobossy.com\\\/wp-content\\\/uploads\\\/2026\\\/01\\\/Casinobossy-logo.svg\",\"width\":94,\"height\":20,\"caption\":\"Casinobossy\"},\"image\":{\"@id\":\"https:\\\/\\\/thecasinobossy.com\\\/fr\\\/#\\\/schema\\\/logo\\\/image\\\/\"}}]}<\/script>\n<!-- \/ Yoast SEO plugin. -->","yoast_head_json":{"title":"Casinobossy App | T\u00e9l\u00e9chargement iOS et Android","description":"Avec Casino Bossy app, votre ludoth\u00e8que compl\u00e8te vous accompagne partout. Jouez \u00e0 des milliers de jeux instantan\u00e9ment, profitez de transactions bancaires s\u00e9curis\u00e9es int\u00e9gr\u00e9es et d'une assistance client disponible 24h\/24 et 7j\/7.","robots":{"index":"index","follow":"follow","max-snippet":"max-snippet:-1","max-image-preview":"max-image-preview:large","max-video-preview":"max-video-preview:-1"},"canonical":"https:\/\/thecasinobossy.com\/fr\/app\/","og_locale":"fr_FR","og_type":"article","og_title":"Casinobossy App | T\u00e9l\u00e9chargement iOS et Android","og_description":"Avec Casino Bossy app, votre ludoth\u00e8que compl\u00e8te vous accompagne partout. Jouez \u00e0 des milliers de jeux instantan\u00e9ment, profitez de transactions bancaires s\u00e9curis\u00e9es int\u00e9gr\u00e9es et d'une assistance client disponible 24h\/24 et 7j\/7.","og_url":"https:\/\/thecasinobossy.com\/fr\/app\/","og_site_name":"casinobossy","article_modified_time":"2026-01-12T10:59:10+00:00","twitter_card":"summary_large_image","twitter_misc":{"Dur\u00e9e de lecture estim\u00e9e":"1 minute"},"schema":{"@context":"https:\/\/schema.org","@graph":[{"@type":"WebPage","@id":"https:\/\/thecasinobossy.com\/fr\/app\/","url":"https:\/\/thecasinobossy.com\/fr\/app\/","name":"Casinobossy App | T\u00e9l\u00e9chargement iOS et Android","isPartOf":{"@id":"https:\/\/thecasinobossy.com\/fr\/#website"},"datePublished":"2026-01-12T09:45:31+00:00","dateModified":"2026-01-12T10:59:10+00:00","description":"Avec Casino Bossy app, votre ludoth\u00e8que compl\u00e8te vous accompagne partout. Jouez \u00e0 des milliers de jeux instantan\u00e9ment, profitez de transactions bancaires s\u00e9curis\u00e9es int\u00e9gr\u00e9es et d'une assistance client disponible 24h\/24 et 7j\/7.","breadcrumb":{"@id":"https:\/\/thecasinobossy.com\/fr\/app\/#breadcrumb"},"inLanguage":"fr-FR","potentialAction":[{"@type":"ReadAction","target":["https:\/\/thecasinobossy.com\/fr\/app\/"]}]},{"@type":"BreadcrumbList","@id":"https:\/\/thecasinobossy.com\/fr\/app\/#breadcrumb","itemListElement":[{"@type":"ListItem","position":1,"name":"Casinobossy","item":"https:\/\/thecasinobossy.com\/fr\/"},{"@type":"ListItem","position":2,"name":"App"}]},{"@type":"WebSite","@id":"https:\/\/thecasinobossy.com\/fr\/#website","url":"https:\/\/thecasinobossy.com\/fr\/","name":"Casinobossy","description":"","publisher":{"@id":"https:\/\/thecasinobossy.com\/fr\/#organization"},"potentialAction":[{"@type":"SearchAction","target":{"@type":"EntryPoint","urlTemplate":"https:\/\/thecasinobossy.com\/fr\/?s={search_term_string}"},"query-input":{"@type":"PropertyValueSpecification","valueRequired":true,"valueName":"search_term_string"}}],"inLanguage":"fr-FR"},{"@type":"Organization","@id":"https:\/\/thecasinobossy.com\/fr\/#organization","name":"Casinobossy","url":"https:\/\/thecasinobossy.com\/fr\/","logo":{"@type":"ImageObject","inLanguage":"fr-FR","@id":"https:\/\/thecasinobossy.com\/fr\/#\/schema\/logo\/image\/","url":"https:\/\/thecasinobossy.com\/wp-content\/uploads\/2026\/01\/Casinobossy-logo.svg","contentUrl":"https:\/\/thecasinobossy.com\/wp-content\/uploads\/2026\/01\/Casinobossy-logo.svg","width":94,"height":20,"caption":"Casinobossy"},"image":{"@id":"https:\/\/thecasinobossy.com\/fr\/#\/schema\/logo\/image\/"}}]}},"_links":{"self":[{"href":"https:\/\/thecasinobossy.com\/fr\/wp-json\/wp\/v2\/pages\/1417","targetHints":{"allow":["GET"]}}],"collection":[{"href":"https:\/\/thecasinobossy.com\/fr\/wp-json\/wp\/v2\/pages"}],"about":[{"href":"https:\/\/thecasinobossy.com\/fr\/wp-json\/wp\/v2\/types\/page"}],"author":[{"embeddable":true,"href":"https:\/\/thecasinobossy.com\/fr\/wp-json\/wp\/v2\/users\/1"}],"replies":[{"embeddable":true,"href":"https:\/\/thecasinobossy.com\/fr\/wp-json\/wp\/v2\/comments?post=1417"}],"version-history":[{"count":2,"href":"https:\/\/thecasinobossy.com\/fr\/wp-json\/wp\/v2\/pages\/1417\/revisions"}],"predecessor-version":[{"id":1555,"href":"https:\/\/thecasinobossy.com\/fr\/wp-json\/wp\/v2\/pages\/1417\/revisions\/1555"}],"wp:attachment":[{"href":"https:\/\/thecasinobossy.com\/fr\/wp-json\/wp\/v2\/media?parent=1417"}],"curies":[{"name":"wp","href":"https:\/\/api.w.org\/{rel}","templated":true}]}}