{"id":1422,"date":"2026-01-12T09:45:31","date_gmt":"2026-01-12T09:45:31","guid":{"rendered":"https:\/\/thecasinobossy.com\/app\/"},"modified":"2026-01-12T12:29:54","modified_gmt":"2026-01-12T12:29:54","slug":"applicazione","status":"publish","type":"page","link":"https:\/\/thecasinobossy.com\/it\/applicazione\/","title":{"rendered":"Applicazione"},"content":{"rendered":"<h1>App Casinobossy per Mobile e Desktop<\/h1>\n<p>Casinobossy app ti permette di giocare a tutti i tuoi giochi di casino preferiti sul tuo telefono, tablet o computer, a prescindere da cosa preferisci. Puoi accedere immediatamente ai tuoi giochi preferiti con una progressive web app che funziona perfettamente su tutte le piattaforme. Il tuo account e i tuoi progressi si sincronizzeranno automaticamente tra i dispositivi, cos\u00ec potrai giocare a casa o mentre sei in movimento.<\/p>\n<p><div class=\"banner-wrap\" aria-label=\"Banner\"><img src=\"https:\/\/thecasinobossy.com\/wp-content\/uploads\/2026\/01\/Casinobossy-banner-carousel-800\u0445400.webp\" class=\"w-100 d-none d-lg-block img-pc main-banner-img\" alt=\"Casinobossy desktop banner\" fetchpriority=\"high\" decoding=\"async\"><img src=\"https:\/\/thecasinobossy.com\/wp-content\/uploads\/2026\/01\/Mobile-banner-1.webp\" class=\"w-100 d-none d-md-block d-lg-none main-banner-img\" alt=\"Mobile banner\" fetchpriority=\"high\" decoding=\"async\"><img src=\"https:\/\/thecasinobossy.com\/wp-content\/uploads\/2026\/01\/Mobile-banner-1.webp\" class=\"w-100 d-md-none\" alt=\"Mobile banner\" fetchpriority=\"high\" decoding=\"async\"><div class=\"banner-description\">\n<div class=\"banner-title\">Bonus di benvenuto<\/div>\n<p class=\"banner-header-title\">1500 \u20ac<\/p>\n<div class=\"banner-header-AdditionalText\">+ 250 Giri gratuiti<\/div>\n<button data-item=\"homepage_banner_link\" class=\"goto m-button m-gradient-border m-button--primary m-button--large banner-button btn-orange\">\n            <div class=\"m-button-content\">\n                <span>Iscriviti ora<\/span>\n                <span><\/span>\n            <\/div>\n        <\/button>\n<\/div>\n<div class=\"WelcomePack\">\n<p><img loading=\"lazy\" decoding=\"async\" class=\"alignnone size-full wp-image-1338\" src=\"https:\/\/thecasinobossy.com\/wp-content\/uploads\/2026\/01\/welcome-crown.svg\" alt=\"crown\" width=\"25\" height=\"26\" \/><\/p>\n<div class=\"WelcomePack-Info\">Cashback settimanale fino al 25%<\/div>\n<p><img loading=\"lazy\" decoding=\"async\" class=\"alignnone size-full wp-image-1338\" src=\"https:\/\/thecasinobossy.com\/wp-content\/uploads\/2026\/01\/welcome-crown.svg\" alt=\"crown\" width=\"25\" height=\"26\" \/><\/p>\n<\/div>\n<\/div><div class=\"scrollable-content-wrap my-5\"><div class=\"scrollable-content-inner\"><h2>Casinobossy su Desktop per MacOS o Windows<\/h2>\n<p>I giocatori desktop non devono scaricare software aggiuntivi per accedere a Casinobossy. Possono semplicemente utilizzare qualsiasi browser web moderno. La piattaforma si adatta automaticamente alle dimensioni del tuo schermo, cos\u00ec potrai goderti un&#8217;esperienza casino completa su MacOS, Windows o Linux. Inserisci le informazioni del tuo account sul sito web di Casinobossy e potrai iniziare a giocare subito.<\/p>\n<p>La versione desktop offre alcuni vantaggi per i giocatori che preferiscono schermi pi\u00f9 grandi. Con menu espansi e filtri di gioco posizionati in modo prominente nell&#8217;interfaccia, \u00e8 pi\u00f9 facile orientarsi. Lo schermo pi\u00f9 grande mostra anche i dettagli grafici dei giochi con maggiore nitidezza, il che rende le slot con animazioni complesse e i giochi con dealer in diretta ancora pi\u00f9 realistici.<\/p>\n<h3>Differenze tra il Gameplay Desktop e Mobile<\/h3>\n<p>L&#8217;esperienza di gioco principale \u00e8 la stessa su tutti i dispositivi, ma giocare su un computer desktop rispetto a un dispositivo mobile presenta alcune differenze. Avere un desktop rende pi\u00f9 facile consultare le regole dei giochi, controllare il saldo e parlare con il servizio clienti senza interrompere la partita.<\/p>\n<p>I controlli touch e le interfacce semplificate create per schermi pi\u00f9 piccoli sono importanti per qualsiasi casino mobile. Grazie all&#8217;ottimizzazione delle risorse, i giochi si caricano leggermente pi\u00f9 velocemente sui dispositivi mobili. L&#8217;orientamento verticale \u00e8 anche perfetto per le classiche slot online e i giochi di carte.<\/p>\n<table>\n<tbody>\n<tr>\n<td>Piattaforma<\/td>\n<td>Ideale per<\/td>\n<td>Vantaggio chiave<\/td>\n<\/tr>\n<tr>\n<td>Scrivania<\/td>\n<td>Sessioni di gioco prolungate, gioco multi-tavolo<\/td>\n<td>Schermo pi\u00f9 grande, accesso completo alla tastiera<\/td>\n<\/tr>\n<tr>\n<td>Mobile<\/td>\n<td>Sessioni veloci, giochi in movimento<\/td>\n<td>Portabilit\u00e0, controlli ottimizzati per il tocco<\/td>\n<\/tr>\n<\/tbody>\n<\/table>\n<p><img loading=\"lazy\" decoding=\"async\" src=\"https:\/\/thecasinobossy.com\/wp-content\/uploads\/2026\/01\/Desktop.webp\" alt=\"Desktop\" width=\"1248\" height=\"536\" \/><\/p>\n<\/div><\/div><div style=\"clear: both\"><\/div><div class=\"d-flex justify-content-center\"><button data-item=\"decouvrez_link\" data-group=\"website_links\" class=\"goto fw-bold rounded-pill btn btn-orange\" aria-label=\"Scarica l&#039;app Casinobossy\" >Scarica l&#039;app Casinobossy<\/button><\/div><div class=\"scrollable-content-wrap my-5\"><div class=\"scrollable-content-inner\"><h2>Applicazione Mobile per iPhone e iPad<\/h2>\n<p>Gli utenti iOS possono utilizzare Safari per aggiungere il casino Casinobossy alla schermata iniziale.<\/p>\n<ol>\n<li>Apri il sito web di Casinobossy in Safari, quindi tocca il pulsante Condividi in fondo allo schermo.<\/li>\n<li>Scorri le opzioni e seleziona &#8220;Aggiungi alla schermata Home&#8221;, quindi conferma toccando &#8220;Aggiungi&#8221;.<\/li>\n<li>L&#8217;icona del casino apparir\u00e0 sulla tua schermata iniziale proprio come un&#8217;applicazione nativa.<\/li>\n<\/ol>\n<p>Questa progressive web app funziona allo stesso modo sia su iPhone che su iPad. Cambia automaticamente l&#8217;interfaccia per adattarsi allo schermo del tuo dispositivo. Il layout ottimizzato per tablet dell&#8217;iPad offre agli utenti il meglio di entrambi i mondi: la portabilit\u00e0 del gioco mobile e pi\u00f9 spazio sullo schermo per grafiche dettagliate. Ogni volta che apri l&#8217;app, si aggiorna automaticamente, cos\u00ec avrai sempre i giochi e le funzionalit\u00e0 pi\u00f9 recenti senza doverla aggiornare manualmente.<\/p>\n<h3>Risoluzione dei Problemi Comuni di Installazione<\/h3>\n<p>Se non vedi l&#8217;opzione &#8220;Aggiungi alla schermata Home&#8221; in Safari, assicurati di non essere in Modalit\u00e0 Privata, poich\u00e9 questa funzionalit\u00e0 \u00e8 disattivata in tale modalit\u00e0. Chiudi tutte le schede di Safari, riapri il browser in modalit\u00e0 normale e torna su Casinobossy. Il menu Condividi dovrebbe ora mostrare tutte le scelte.<\/p>\n<p>Se hai problemi di caricamento dopo aver aggiunto l&#8217;icona, dovresti controllare la tua connessione internet e cancellare la cache di Safari dalle Impostazioni. Vai in Impostazioni, scegli Safari e quindi tocca &#8220;Cancella cronologia e dati dei siti web&#8221;. Per avviare una nuova connessione, torna alla schermata iniziale e apri l&#8217;icona di Casinobossy. Se i problemi persistono, tieni premuto a lungo l&#8217;icona e scegli &#8220;Rimuovi app&#8221;. Quindi, reinstalla l&#8217;app.<\/p>\n<p><img loading=\"lazy\" decoding=\"async\" src=\"https:\/\/thecasinobossy.com\/wp-content\/uploads\/2026\/01\/iOS-app.webp\" alt=\"iOS app\" width=\"1248\" height=\"536\" \/><\/p>\n<\/div><\/div><div style=\"clear: both\"><\/div><div class=\"d-flex justify-content-center\"><button data-item=\"decouvrez_link\" data-group=\"website_links\" class=\"goto fw-bold rounded-pill btn btn-orange\" aria-label=\"Scarica Casinobossy\" >Scarica Casinobossy<\/button><\/div><div class=\"scrollable-content-wrap my-5\"><div class=\"scrollable-content-inner\"><h2>App Casino Bossy per Android<\/h2>\n<p>Ci sono due modi semplici per gli utenti Android per accedere a Casinobossy sui propri dispositivi. La progressive web app funziona tramite Chrome, mentre i collegamenti sul dispositivo forniscono accesso immediato dalla schermata iniziale. Entrambe le opzioni ti danno la piena esperienza del casino senza dover scaricare nulla dal Google Play Store.<\/p>\n<h3>Processo di Installazione<\/h3>\n<p>Bastano pochi secondi per creare un collegamento a Casinobossy su Android.<\/p>\n<ol>\n<li>Avvia il browser Chrome e vai sul sito del casino.<\/li>\n<li>Nell&#8217;angolo in alto a destra dello schermo, clicca l&#8217;icona del menu a tre punti. Dal menu a discesa, scegli &#8220;Aggiungi alla schermata Home&#8221;.<\/li>\n<li>Se vuoi, puoi dare un nome personalizzato al collegamento. Quindi, tocca &#8220;Aggiungi&#8221; per confermare.<\/li>\n<li>L&#8217;icona apparir\u00e0 immediatamente sulla tua schermata iniziale.<\/li>\n<\/ol>\n<p>Scorri dal basso verso l&#8217;alto dalla schermata iniziale di Android per aprire il drawer delle app. Questo ti permetter\u00e0 di accedere rapidamente a tutte le app che hai gi\u00e0. Per aggiungere un&#8217;icona dell&#8217;app alla schermata iniziale, tocca e tieni premuta, quindi trascinala dove desideri. Rilascia il dito per posizionare l&#8217;icona.<\/p>\n<p>Se attivi le notifiche durante la tua prima visita, la versione Android ti terr\u00e0 aggiornato sugli aggiornamenti dei giochi e sulle promozioni. Puoi modificare le impostazioni delle notifiche in Chrome in qualsiasi momento, cos\u00ec riceverai solo avvisi pertinenti ai tuoi interessi di gioco.<\/p>\n<p><img loading=\"lazy\" decoding=\"async\" src=\"https:\/\/thecasinobossy.com\/wp-content\/uploads\/2026\/01\/Android-app.webp\" alt=\"Android app\" width=\"1248\" height=\"536\" \/><\/p>\n<\/div><\/div><div style=\"clear: both\"><\/div><div class=\"d-flex justify-content-center\"><button data-item=\"decouvrez_link\" data-group=\"website_links\" class=\"goto fw-bold rounded-pill btn btn-orange\" aria-label=\"Scarica l&#039;app Casinobossy\" >Scarica l&#039;app Casinobossy<\/button><\/div><div class=\"scrollable-content-wrap my-5\"><div class=\"scrollable-content-inner\"><h2>Funzionalit\u00e0 dell&#8217;App Casino Bossy<\/h2>\n<p>L&#8217;app Casinobossy d\u00e0 priorit\u00e0 a velocit\u00e0 e affidabilit\u00e0 su tutti i dispositivi. I giochi si caricano in pochi secondi perch\u00e9 il codice \u00e8 stato ottimizzato per utilizzare meno dati mantenendo la qualit\u00e0 delle grafiche. Questa efficienza \u00e8 particolarmente utile per i giocatori con connessioni dati mobili, poich\u00e9 l&#8217;app necessita solo di una piccola quantit\u00e0 di banda per funzionare senza intoppi.<\/p>\n<p>I controlli touch rispondono immediatamente alle tue azioni, sia che tu stia giocando alle slot, scommettendo ai tavoli virtuali o interagendo con dealer reali. Puoi cambiare automaticamente l&#8217;interfaccia tra modalit\u00e0 verticale e orizzontale. Puoi gestire il tuo account direttamente all&#8217;interno dell&#8217;app. Deposita denaro, completa il processo di verifica e contatta il team di supporto tramite live chat senza uscire dal gioco a cui stai giocando.<\/p>\n<p>Per i giocatori che amano avere opzioni, l&#8217;app mobile \u00e8 pi\u00f9 conveniente rispetto al gioco su computer. Puoi facilmente mettere in pausa un gioco, cambiare dispositivo e riprendere esattamente da dove avevi interrotto senza perdere alcun progresso. Il design semplice dell&#8217;app elimina tutto ci\u00f2 che non \u00e8 necessario, lasciando solo i giochi e le funzionalit\u00e0 importanti dell&#8217;account.<\/p>\n<h3>Prestazioni e Compatibilit\u00e0 tra i Dispositivi<\/h3>\n<p>L&#8217;app Casinobossy funziona allo stesso modo su ogni dispositivo. Per ottenere le migliori prestazioni, gli utenti iOS necessitano di un iPhone 8 o pi\u00f9 recente con iOS 13 o superiore. Anche smartphone e tablet Android con almeno 2GB di RAM e sistema operativo Android 8.0 o successivo funzioneranno. Gli utenti desktop dovrebbero utilizzare le versioni pi\u00f9 recenti di Chrome, Firefox, Safari o Edge.<\/p>\n<p>L&#8217;app modifica automaticamente la qualit\u00e0 delle grafiche in base al tuo dispositivo e alla velocit\u00e0 della tua connessione internet. Questa ottimizzazione intelligente garantisce che anche dispositivi di fascia media possano giocare senza intoppi, mentre telefoni e tablet di fascia alta ottengono effetti visivi migliori.<\/p>\n<h2>FAQ<\/h2>\n<h3>\u00c8 possibile utilizzare l&#8217;app Casinobossy senza scaricare nulla da un app store?<\/h3>\n<p>Puoi configurare la progressive web app di Casinobossy dal tuo browser. Basta seguire le istruzioni per il tuo dispositivo per aggiungere il sito web alla schermata iniziale. Potrai accedervi immediatamente senza doverlo scaricare dall&#8217;app store.<\/p>\n<h3>L&#8217;app sincronizza i miei progressi tra diversi dispositivi?<\/h3>\n<p>Le informazioni del tuo account, la cronologia dei giochi e il saldo del portafoglio si sincronizzano automaticamente su tutti i dispositivi in cui effettui l&#8217;accesso. Inizia una sessione di gioco sul tuo telefono e continua senza interruzioni sul tuo computer desktop senza alcun trasferimento manuale.<\/p>\n<h3>L&#8217;app funzioner\u00e0 su dispositivi pi\u00f9 vecchi?<\/h3>\n<p>I dispositivi degli ultimi cinque anni generalmente forniscono prestazioni eccellenti. I modelli pi\u00f9 vecchi potrebbero impiegare pi\u00f9 tempo a caricare o avere una qualit\u00e0 grafica inferiore, ma la maggior parte degli smartphone e computer degli ultimi anni supporta comunque le funzionalit\u00e0 di gioco principali.<\/p>\n<\/div><\/div><\/p>\n<p>&nbsp;<\/p>\n","protected":false},"excerpt":{"rendered":"<p>App Casinobossy per Mobile e Desktop Casinobossy app ti permette di giocare a tutti i tuoi giochi di casino preferiti sul tuo telefono, tablet o computer, a prescindere da cosa preferisci. Puoi accedere immediatamente ai tuoi giochi preferiti con una progressive web app che funziona perfettamente su tutte le piattaforme. Il tuo account e i [&hellip;]<\/p>\n","protected":false},"author":1,"featured_media":0,"parent":0,"menu_order":0,"comment_status":"closed","ping_status":"closed","template":"template-builder.php","meta":{"_acf_changed":false,"inline_featured_image":false,"footnotes":""},"class_list":["post-1422","page","type-page","status-publish","hentry"],"acf":[],"yoast_head":"<!-- This site is optimized with the Yoast SEO plugin v27.3 - https:\/\/yoast.com\/product\/yoast-seo-wordpress\/ -->\n<title>Casinobossy App | Scarica per iOS e Android<\/title>\n<meta name=\"description\" content=\"Con Casino Bossy app, la tua libreria di giochi completa \u00e8 sempre a portata di mano. Gioca a migliaia di giochi con accesso immediato, servizi bancari in-app affidabili e assistenza clienti 24 ore su 24, 7 giorni su 7.\" \/>\n<meta name=\"robots\" content=\"index, follow, max-snippet:-1, max-image-preview:large, max-video-preview:-1\" \/>\n<link rel=\"canonical\" href=\"https:\/\/thecasinobossy.com\/it\/applicazione\/\" \/>\n<meta property=\"og:locale\" content=\"it_IT\" \/>\n<meta property=\"og:type\" content=\"article\" \/>\n<meta property=\"og:title\" content=\"Casinobossy App | Scarica per iOS e Android\" \/>\n<meta property=\"og:description\" content=\"Con Casino Bossy app, la tua libreria di giochi completa \u00e8 sempre a portata di mano. Gioca a migliaia di giochi con accesso immediato, servizi bancari in-app affidabili e assistenza clienti 24 ore su 24, 7 giorni su 7.\" \/>\n<meta property=\"og:url\" content=\"https:\/\/thecasinobossy.com\/it\/applicazione\/\" \/>\n<meta property=\"og:site_name\" content=\"casinobossy\" \/>\n<meta property=\"article:modified_time\" content=\"2026-01-12T12:29:54+00:00\" \/>\n<meta name=\"twitter:card\" content=\"summary_large_image\" \/>\n<meta name=\"twitter:label1\" content=\"Est. reading time\" \/>\n\t<meta name=\"twitter:data1\" content=\"1 minuto\" \/>\n<script type=\"application\/ld+json\" class=\"yoast-schema-graph\">{\"@context\":\"https:\\\/\\\/schema.org\",\"@graph\":[{\"@type\":\"WebPage\",\"@id\":\"https:\\\/\\\/thecasinobossy.com\\\/it\\\/applicazione\\\/\",\"url\":\"https:\\\/\\\/thecasinobossy.com\\\/it\\\/applicazione\\\/\",\"name\":\"Casinobossy App | Scarica per iOS e Android\",\"isPartOf\":{\"@id\":\"https:\\\/\\\/thecasinobossy.com\\\/it\\\/#website\"},\"datePublished\":\"2026-01-12T09:45:31+00:00\",\"dateModified\":\"2026-01-12T12:29:54+00:00\",\"description\":\"Con Casino Bossy app, la tua libreria di giochi completa \u00e8 sempre a portata di mano. Gioca a migliaia di giochi con accesso immediato, servizi bancari in-app affidabili e assistenza clienti 24 ore su 24, 7 giorni su 7.\",\"breadcrumb\":{\"@id\":\"https:\\\/\\\/thecasinobossy.com\\\/it\\\/applicazione\\\/#breadcrumb\"},\"inLanguage\":\"it-IT\",\"potentialAction\":[{\"@type\":\"ReadAction\",\"target\":[\"https:\\\/\\\/thecasinobossy.com\\\/it\\\/applicazione\\\/\"]}]},{\"@type\":\"BreadcrumbList\",\"@id\":\"https:\\\/\\\/thecasinobossy.com\\\/it\\\/applicazione\\\/#breadcrumb\",\"itemListElement\":[{\"@type\":\"ListItem\",\"position\":1,\"name\":\"Casinobossy\",\"item\":\"https:\\\/\\\/thecasinobossy.com\\\/it\\\/\"},{\"@type\":\"ListItem\",\"position\":2,\"name\":\"Applicazione\"}]},{\"@type\":\"WebSite\",\"@id\":\"https:\\\/\\\/thecasinobossy.com\\\/it\\\/#website\",\"url\":\"https:\\\/\\\/thecasinobossy.com\\\/it\\\/\",\"name\":\"Casinobossy\",\"description\":\"\",\"publisher\":{\"@id\":\"https:\\\/\\\/thecasinobossy.com\\\/it\\\/#organization\"},\"potentialAction\":[{\"@type\":\"SearchAction\",\"target\":{\"@type\":\"EntryPoint\",\"urlTemplate\":\"https:\\\/\\\/thecasinobossy.com\\\/it\\\/?s={search_term_string}\"},\"query-input\":{\"@type\":\"PropertyValueSpecification\",\"valueRequired\":true,\"valueName\":\"search_term_string\"}}],\"inLanguage\":\"it-IT\"},{\"@type\":\"Organization\",\"@id\":\"https:\\\/\\\/thecasinobossy.com\\\/it\\\/#organization\",\"name\":\"Casinobossy\",\"url\":\"https:\\\/\\\/thecasinobossy.com\\\/it\\\/\",\"logo\":{\"@type\":\"ImageObject\",\"inLanguage\":\"it-IT\",\"@id\":\"https:\\\/\\\/thecasinobossy.com\\\/it\\\/#\\\/schema\\\/logo\\\/image\\\/\",\"url\":\"https:\\\/\\\/thecasinobossy.com\\\/wp-content\\\/uploads\\\/2026\\\/01\\\/Casinobossy-logo.svg\",\"contentUrl\":\"https:\\\/\\\/thecasinobossy.com\\\/wp-content\\\/uploads\\\/2026\\\/01\\\/Casinobossy-logo.svg\",\"width\":94,\"height\":20,\"caption\":\"Casinobossy\"},\"image\":{\"@id\":\"https:\\\/\\\/thecasinobossy.com\\\/it\\\/#\\\/schema\\\/logo\\\/image\\\/\"}}]}<\/script>\n<!-- \/ Yoast SEO plugin. -->","yoast_head_json":{"title":"Casinobossy App | Scarica per iOS e Android","description":"Con Casino Bossy app, la tua libreria di giochi completa \u00e8 sempre a portata di mano. Gioca a migliaia di giochi con accesso immediato, servizi bancari in-app affidabili e assistenza clienti 24 ore su 24, 7 giorni su 7.","robots":{"index":"index","follow":"follow","max-snippet":"max-snippet:-1","max-image-preview":"max-image-preview:large","max-video-preview":"max-video-preview:-1"},"canonical":"https:\/\/thecasinobossy.com\/it\/applicazione\/","og_locale":"it_IT","og_type":"article","og_title":"Casinobossy App | Scarica per iOS e Android","og_description":"Con Casino Bossy app, la tua libreria di giochi completa \u00e8 sempre a portata di mano. Gioca a migliaia di giochi con accesso immediato, servizi bancari in-app affidabili e assistenza clienti 24 ore su 24, 7 giorni su 7.","og_url":"https:\/\/thecasinobossy.com\/it\/applicazione\/","og_site_name":"casinobossy","article_modified_time":"2026-01-12T12:29:54+00:00","twitter_card":"summary_large_image","twitter_misc":{"Est. reading time":"1 minuto"},"schema":{"@context":"https:\/\/schema.org","@graph":[{"@type":"WebPage","@id":"https:\/\/thecasinobossy.com\/it\/applicazione\/","url":"https:\/\/thecasinobossy.com\/it\/applicazione\/","name":"Casinobossy App | Scarica per iOS e Android","isPartOf":{"@id":"https:\/\/thecasinobossy.com\/it\/#website"},"datePublished":"2026-01-12T09:45:31+00:00","dateModified":"2026-01-12T12:29:54+00:00","description":"Con Casino Bossy app, la tua libreria di giochi completa \u00e8 sempre a portata di mano. Gioca a migliaia di giochi con accesso immediato, servizi bancari in-app affidabili e assistenza clienti 24 ore su 24, 7 giorni su 7.","breadcrumb":{"@id":"https:\/\/thecasinobossy.com\/it\/applicazione\/#breadcrumb"},"inLanguage":"it-IT","potentialAction":[{"@type":"ReadAction","target":["https:\/\/thecasinobossy.com\/it\/applicazione\/"]}]},{"@type":"BreadcrumbList","@id":"https:\/\/thecasinobossy.com\/it\/applicazione\/#breadcrumb","itemListElement":[{"@type":"ListItem","position":1,"name":"Casinobossy","item":"https:\/\/thecasinobossy.com\/it\/"},{"@type":"ListItem","position":2,"name":"Applicazione"}]},{"@type":"WebSite","@id":"https:\/\/thecasinobossy.com\/it\/#website","url":"https:\/\/thecasinobossy.com\/it\/","name":"Casinobossy","description":"","publisher":{"@id":"https:\/\/thecasinobossy.com\/it\/#organization"},"potentialAction":[{"@type":"SearchAction","target":{"@type":"EntryPoint","urlTemplate":"https:\/\/thecasinobossy.com\/it\/?s={search_term_string}"},"query-input":{"@type":"PropertyValueSpecification","valueRequired":true,"valueName":"search_term_string"}}],"inLanguage":"it-IT"},{"@type":"Organization","@id":"https:\/\/thecasinobossy.com\/it\/#organization","name":"Casinobossy","url":"https:\/\/thecasinobossy.com\/it\/","logo":{"@type":"ImageObject","inLanguage":"it-IT","@id":"https:\/\/thecasinobossy.com\/it\/#\/schema\/logo\/image\/","url":"https:\/\/thecasinobossy.com\/wp-content\/uploads\/2026\/01\/Casinobossy-logo.svg","contentUrl":"https:\/\/thecasinobossy.com\/wp-content\/uploads\/2026\/01\/Casinobossy-logo.svg","width":94,"height":20,"caption":"Casinobossy"},"image":{"@id":"https:\/\/thecasinobossy.com\/it\/#\/schema\/logo\/image\/"}}]}},"_links":{"self":[{"href":"https:\/\/thecasinobossy.com\/it\/wp-json\/wp\/v2\/pages\/1422","targetHints":{"allow":["GET"]}}],"collection":[{"href":"https:\/\/thecasinobossy.com\/it\/wp-json\/wp\/v2\/pages"}],"about":[{"href":"https:\/\/thecasinobossy.com\/it\/wp-json\/wp\/v2\/types\/page"}],"author":[{"embeddable":true,"href":"https:\/\/thecasinobossy.com\/it\/wp-json\/wp\/v2\/users\/1"}],"replies":[{"embeddable":true,"href":"https:\/\/thecasinobossy.com\/it\/wp-json\/wp\/v2\/comments?post=1422"}],"version-history":[{"count":2,"href":"https:\/\/thecasinobossy.com\/it\/wp-json\/wp\/v2\/pages\/1422\/revisions"}],"predecessor-version":[{"id":1700,"href":"https:\/\/thecasinobossy.com\/it\/wp-json\/wp\/v2\/pages\/1422\/revisions\/1700"}],"wp:attachment":[{"href":"https:\/\/thecasinobossy.com\/it\/wp-json\/wp\/v2\/media?parent=1422"}],"curies":[{"name":"wp","href":"https:\/\/api.w.org\/{rel}","templated":true}]}}