{"id":1424,"date":"2026-01-12T09:45:31","date_gmt":"2026-01-12T09:45:31","guid":{"rendered":"https:\/\/thecasinobossy.com\/app\/"},"modified":"2026-01-12T12:47:42","modified_gmt":"2026-01-12T12:47:42","slug":"aplikacja","status":"publish","type":"page","link":"https:\/\/thecasinobossy.com\/pl\/aplikacja\/","title":{"rendered":"Aplikacja"},"content":{"rendered":"<h1>Aplikacja Casinobossy na urz\u0105dzenia mobilne i komputery<\/h1>\n<p>Casinobossy app pozwala gra\u0107 we wszystkie ulubione gry kasynowe na telefonie, tablecie lub komputerze, niezale\u017cnie od preferencji. Mo\u017cesz od razu uzyska\u0107 dost\u0119p do ulubionych gier dzi\u0119ki progresywnej aplikacji internetowej, kt\u00f3ra dzia\u0142a perfekcyjnie na wszystkich platformach. Twoje konto i post\u0119py automatycznie synchronizuj\u0105 si\u0119 mi\u0119dzy urz\u0105dzeniami, wi\u0119c mo\u017cesz gra\u0107 w domu lub w podr\u00f3\u017cy.<\/p>\n<p><div class=\"banner-wrap\" aria-label=\"Banner\"><img src=\"https:\/\/thecasinobossy.com\/wp-content\/uploads\/2026\/01\/Casinobossy-banner-carousel-800\u0445400.webp\" class=\"w-100 d-none d-lg-block img-pc main-banner-img\" alt=\"Casinobossy desktop banner\" fetchpriority=\"high\" decoding=\"async\"><img src=\"https:\/\/thecasinobossy.com\/wp-content\/uploads\/2026\/01\/Mobile-banner-1.webp\" class=\"w-100 d-none d-md-block d-lg-none main-banner-img\" alt=\"Mobile banner\" fetchpriority=\"high\" decoding=\"async\"><img src=\"https:\/\/thecasinobossy.com\/wp-content\/uploads\/2026\/01\/Mobile-banner-1.webp\" class=\"w-100 d-md-none\" alt=\"Mobile banner\" fetchpriority=\"high\" decoding=\"async\"><div class=\"banner-description\">\n<div class=\"banner-title\">Bonusy powitalne<\/div>\n<p class=\"banner-header-title\">1500 \u20ac<\/p>\n<div class=\"banner-header-AdditionalText\">+ 250 Darmowe spiny<\/div>\n<button data-item=\"homepage_banner_link\" class=\"goto m-button m-gradient-border m-button--primary m-button--large banner-button btn-orange\">\n            <div class=\"m-button-content\">\n                <span>Zarejestruj si\u0119 teraz<\/span>\n                <span><\/span>\n            <\/div>\n        <\/button>\n<\/div>\n<div class=\"WelcomePack\">\n<p><img loading=\"lazy\" decoding=\"async\" class=\"alignnone size-full wp-image-1338\" src=\"https:\/\/thecasinobossy.com\/wp-content\/uploads\/2026\/01\/welcome-crown.svg\" alt=\"crown\" width=\"25\" height=\"26\" \/><\/p>\n<div class=\"WelcomePack-Info\">Cotygodniowy zwrot got\u00f3wki do 25%<\/div>\n<p><img loading=\"lazy\" decoding=\"async\" class=\"alignnone size-full wp-image-1338\" src=\"https:\/\/thecasinobossy.com\/wp-content\/uploads\/2026\/01\/welcome-crown.svg\" alt=\"crown\" width=\"25\" height=\"26\" \/><\/p>\n<\/div>\n<\/div><div class=\"scrollable-content-wrap my-5\"><div class=\"scrollable-content-inner\"><h2>Casinobossy na komputerze z systemem MacOS lub Windows<\/h2>\n<p>Gracze na komputerach nie musz\u0105 pobiera\u0107 \u017cadnego dodatkowego oprogramowania, aby uzyska\u0107 dost\u0119p do Casinobossy. Mog\u0105 po prostu u\u017cywa\u0107 dowolnej nowoczesnej przegl\u0105darki internetowej. Platforma automatycznie dostosowuje si\u0119 do rozmiaru ekranu, dzi\u0119ki czemu mo\u017cna cieszy\u0107 si\u0119 pe\u0142noprawnym do\u015bwiadczeniem kasyna na systemach MacOS, Windows lub Linux. Wprowad\u017a swoje dane konta na stronie internetowej Casinobossy, a nast\u0119pnie mo\u017cesz od razu rozpocz\u0105\u0107 gr\u0119.<\/p>\n<p>Wersja na komputer ma kilka zalet dla graczy preferuj\u0105cych wi\u0119ksze ekrany. Dzi\u0119ki rozwini\u0119tym menu i filtrom gier umieszczonym w widocznym miejscu w interfejsie, \u0142atwiej si\u0119 porusza\u0107. Wi\u0119kszy ekran pozwala r\u00f3wnie\u017c wy\u015bwietli\u0107 grafiki gier z wi\u0119kszymi szczeg\u00f3\u0142ami, co sprawia, \u017ce automaty z z\u0142o\u017conymi animacjami i gry z dealerem na \u017cywo wydaj\u0105 si\u0119 jeszcze bardziej realistyczne.<\/p>\n<h3>R\u00f3\u017cnice mi\u0119dzy rozgrywk\u0105 na komputerze a urz\u0105dzeniu mobilnym<\/h3>\n<p>Podstawowe do\u015bwiadczenie gry jest takie samo na wszystkich urz\u0105dzeniach, ale granie na komputerze stacjonarnym a na urz\u0105dzeniu mobilnym r\u00f3\u017cni si\u0119 pod pewnymi wzgl\u0119dami. Posiadanie komputera u\u0142atwia przegl\u0105danie zasad gry, sprawdzanie salda i kontakt z obs\u0142ug\u0105 klienta bez przerywania gry.<\/p>\n<p>Sterowanie dotykowe i uproszczone interfejsy zaprojektowane dla mniejszych ekran\u00f3w s\u0105 istotne dla ka\u017cdego kasyna mobilnego. Dzi\u0119ki zoptymalizowanym zasobom, gry \u0142aduj\u0105 si\u0119 nieco szybciej na urz\u0105dzeniach mobilnych. Pionowa orientacja jest r\u00f3wnie\u017c idealna do klasycznych slot\u00f3w online i gier karcianych.<\/p>\n<table>\n<tbody>\n<tr>\n<td>Platforma<\/td>\n<td>Idealna dla<\/td>\n<td>Kluczowa zaleta<\/td>\n<\/tr>\n<tr>\n<td>Komputer<\/td>\n<td>D\u0142u\u017csze sesje gry, granie przy wielu sto\u0142ach<\/td>\n<td>Wi\u0119kszy ekran, pe\u0142ny dost\u0119p do klawiatury<\/td>\n<\/tr>\n<tr>\n<td>Mobilna<\/td>\n<td>Kr\u00f3tkie sesje, granie w podr\u00f3\u017cy<\/td>\n<td>Przeno\u015bno\u015b\u0107, zoptymalizowane sterowanie dotykowe<\/td>\n<\/tr>\n<\/tbody>\n<\/table>\n<p><img loading=\"lazy\" decoding=\"async\" src=\"https:\/\/thecasinobossy.com\/wp-content\/uploads\/2026\/01\/Desktop.webp\" alt=\"Desktop\" width=\"1248\" height=\"536\" \/><\/p>\n<\/div><\/div><div style=\"clear: both\"><\/div><div class=\"d-flex justify-content-center\"><button data-item=\"decouvrez_link\" data-group=\"website_links\" class=\"goto fw-bold rounded-pill btn btn-orange\" aria-label=\"Download the Casinobossy App\" >Download the Casinobossy App<\/button><\/div><div class=\"scrollable-content-wrap my-5\"><div class=\"scrollable-content-inner\"><h2>Aplikacja mobilna na iPhony i iPady<\/h2>\n<p>U\u017cytkownicy iOS mog\u0105 u\u017cywa\u0107 Safari, aby doda\u0107 kasyno Casinobossy do ekranu g\u0142\u00f3wnego.<\/p>\n<ol>\n<li>Otw\u00f3rz stron\u0119 internetow\u0105 Casinobossy w Safari, a nast\u0119pnie dotknij przycisku Udost\u0119pnij na dole ekranu.<\/li>\n<li>Przewi\u0144 opcje i wybierz \u201eDodaj do ekranu g\u0142\u00f3wnego\u201d, a nast\u0119pnie potwierd\u017a, dotykaj\u0105c \u201eDodaj\u201d.<\/li>\n<li>Ikona kasyna pojawi si\u0119 na ekranie g\u0142\u00f3wnym, podobnie jak natywna aplikacja.<\/li>\n<\/ol>\n<p>Ta progresywna aplikacja internetowa dzia\u0142a w ten sam spos\u00f3b zar\u00f3wno na iPhone&#8217;ach, jak i iPadach. Automatycznie dostosowuje interfejs do ekranu urz\u0105dzenia. Zoptymalizowany uk\u0142ad tabletu iPad daje u\u017cytkownikom to, co najlepsze z obu \u015bwiat\u00f3w: przeno\u015bno\u015b\u0107 grania mobilnego i wi\u0119cej miejsca na ekranie na szczeg\u00f3\u0142owe grafiki. Za ka\u017cdym razem, gdy otwierasz aplikacj\u0119, automatycznie si\u0119 aktualizuje, wi\u0119c zawsze masz najnowsze gry i funkcje bez konieczno\u015bci samodzielnej aktualizacji.<\/p>\n<h3>Rozwi\u0105zywanie typowych problem\u00f3w z instalacj\u0105<\/h3>\n<p>Je\u015bli nie widzisz opcji \u201eDodaj do ekranu g\u0142\u00f3wnego\u201d w Safari, upewnij si\u0119, \u017ce nie jeste\u015b w trybie prywatnym, poniewa\u017c ta funkcja jest wy\u0142\u0105czona w trybie prywatnym. Zamknij wszystkie karty Safari, uruchom ponownie przegl\u0105dark\u0119 w normalnym trybie i wr\u00f3\u0107 do Casinobossy. Menu Udost\u0119pnij powinno teraz pokazywa\u0107 wszystkie opcje.<\/p>\n<p>Je\u015bli masz problemy z \u0142adowaniem po dodaniu ikony, sprawd\u017a swoje po\u0142\u0105czenie internetowe i wyczy\u015b\u0107 pami\u0119\u0107 podr\u0119czn\u0105 Safari w Ustawieniach. Przejd\u017a do Ustawie\u0144, wybierz Safari, a nast\u0119pnie dotknij \u201eWyczy\u015b\u0107 histori\u0119 i dane witryn\u201d. Aby rozpocz\u0105\u0107 nowe po\u0142\u0105czenie, wr\u00f3\u0107 do ekranu g\u0142\u00f3wnego i otw\u00f3rz ikon\u0119 Casinobossy. Je\u015bli problemy nie znikn\u0105, przytrzymaj ikon\u0119 i wybierz \u201eUsu\u0144 aplikacj\u0119\u201d. Nast\u0119pnie zainstaluj aplikacj\u0119 ponownie.<\/p>\n<p><img loading=\"lazy\" decoding=\"async\" src=\"https:\/\/thecasinobossy.com\/wp-content\/uploads\/2026\/01\/iOS-app.webp\" alt=\"iOS app\" width=\"1248\" height=\"536\" \/><\/p>\n<\/div><\/div><div style=\"clear: both\"><\/div><div class=\"d-flex justify-content-center\"><button data-item=\"decouvrez_link\" data-group=\"website_links\" class=\"goto fw-bold rounded-pill btn btn-orange\" aria-label=\"Download Casinobossy\" >Download Casinobossy<\/button><\/div><div class=\"scrollable-content-wrap my-5\"><div class=\"scrollable-content-inner\"><h2>Aplikacja Casino Bossy na Androida<\/h2>\n<p>U\u017cytkownicy Androida maj\u0105 dwa \u0142atwe sposoby na uzyskanie dost\u0119pu do Casinobossy na swoich urz\u0105dzeniach. Progresywna aplikacja internetowa dzia\u0142a przez Chrome, a skr\u00f3ty na urz\u0105dzeniu zapewniaj\u0105 natychmiastowy dost\u0119p z ekranu g\u0142\u00f3wnego. Obie opcje daj\u0105 pe\u0142ne do\u015bwiadczenie kasyna bez konieczno\u015bci pobierania czegokolwiek z Google Play Store.<\/p>\n<h3>Proces instalacji<\/h3>\n<p>Utworzenie skr\u00f3tu do Casinobossy na Androidzie zajmuje tylko kilka sekund.<\/p>\n<ol>\n<li>Uruchom przegl\u0105dark\u0119 Chrome i przejd\u017a do strony kasyna.<\/li>\n<li>W prawym g\u00f3rnym rogu ekranu kliknij ikon\u0119 menu z trzema kropkami. Z rozwijanego menu wybierz \u201eDodaj do ekranu g\u0142\u00f3wnego\u201d.<\/li>\n<li>Je\u015bli chcesz, mo\u017cesz nada\u0107 skr\u00f3towi w\u0142asn\u0105 nazw\u0119. Nast\u0119pnie dotknij \u201eDodaj\u201d, aby potwierdzi\u0107.<\/li>\n<li>Ikona pojawi si\u0119 na ekranie g\u0142\u00f3wnym natychmiast.<\/li>\n<\/ol>\n<p>Przesu\u0144 palcem od do\u0142u ekranu g\u0142\u00f3wnego Androida, aby otworzy\u0107 szuflad\u0119 aplikacji. Umo\u017cliwi to szybki dost\u0119p do ju\u017c zainstalowanych aplikacji. Aby doda\u0107 ikon\u0119 aplikacji do ekranu g\u0142\u00f3wnego, dotknij i przytrzymaj j\u0105, a nast\u0119pnie przeci\u0105gnij w \u017c\u0105dane miejsce. Pu\u015b\u0107 palec, aby umie\u015bci\u0107 ikon\u0119.<\/p>\n<p>Je\u015bli w\u0142\u0105czysz powiadomienia podczas pierwszej wizyty, wersja na Androida b\u0119dzie Ci\u0119 informowa\u0107 o aktualizacjach gier i promocjach. Mo\u017cesz zmieni\u0107 ustawienia powiadomie\u0144 w Chrome w dowolnym momencie, aby otrzymywa\u0107 tylko alerty istotne dla Twoich zainteresowa\u0144 gamingowych.<\/p>\n<p><img loading=\"lazy\" decoding=\"async\" src=\"https:\/\/thecasinobossy.com\/wp-content\/uploads\/2026\/01\/Android-app.webp\" alt=\"Android app\" width=\"1248\" height=\"536\" \/><\/p>\n<\/div><\/div><div style=\"clear: both\"><\/div><div class=\"d-flex justify-content-center\"><button data-item=\"decouvrez_link\" data-group=\"website_links\" class=\"goto fw-bold rounded-pill btn btn-orange\" aria-label=\"Download the Casinobossy App\" >Download the Casinobossy App<\/button><\/div><div class=\"scrollable-content-wrap my-5\"><div class=\"scrollable-content-inner\"><h2>Funkcje aplikacji Casino Bossy<\/h2>\n<p>Aplikacja Casinobossy priorytetowo traktuje szybko\u015b\u0107 i niezawodno\u015b\u0107 na wszystkich urz\u0105dzeniach. Gry \u0142aduj\u0105 si\u0119 w ci\u0105gu sekund, poniewa\u017c kod zosta\u0142 zoptymalizowany, aby zu\u017cywa\u0107 mniej danych przy zachowaniu jako\u015bci grafiki. Ta efektywno\u015b\u0107 jest szczeg\u00f3lnie pomocna dla graczy korzystaj\u0105cych z mobilnego internetu, poniewa\u017c aplikacja potrzebuje tylko niewielkiej przepustowo\u015bci, aby dzia\u0142a\u0107 p\u0142ynnie.<\/p>\n<p>Sterowanie dotykowe natychmiast reaguje na Twoje dzia\u0142ania, niezale\u017cnie od tego, czy grasz w automaty, stawiasz zak\u0142ady przy wirtualnych sto\u0142ach, czy rozmawiasz z prawdziwymi dealerami. Mo\u017cesz automatycznie zmienia\u0107 interfejs mi\u0119dzy trybem pionowym a poziomym. Mo\u017cesz zarz\u0105dza\u0107 swoim kontem bezpo\u015brednio w aplikacji. Wp\u0142acaj pieni\u0105dze, przejd\u017a proces weryfikacji i skontaktuj si\u0119 z zespo\u0142em wsparcia przez czat na \u017cywo bez opuszczania bie\u017c\u0105cej gry.<\/p>\n<p>Dla graczy, kt\u00f3rzy lubi\u0105 mie\u0107 wyb\u00f3r, aplikacja mobilna jest wygodniejsza ni\u017c granie na komputerze. Mo\u017cesz \u0142atwo wstrzyma\u0107 gr\u0119, prze\u0142\u0105czy\u0107 urz\u0105dzenie i podj\u0105\u0107 gr\u0119 dok\u0142adnie tam, gdzie przerwa\u0142e\u015b, bez utraty post\u0119pu. Prosty design aplikacji eliminuje wszystko, co nie jest konieczne, pozostawiaj\u0105c tylko gry i wa\u017cne funkcje konta.<\/p>\n<h3>Wydajno\u015b\u0107 i kompatybilno\u015b\u0107 mi\u0119dzy urz\u0105dzeniami<\/h3>\n<p>Aplikacja Casinobossy dzia\u0142a tak samo na ka\u017cdym urz\u0105dzeniu. Aby uzyska\u0107 najlepsz\u0105 wydajno\u015b\u0107, u\u017cytkownicy iOS potrzebuj\u0105 iPhone&#8217;a 8 lub nowszego z systemem iOS 13 lub wy\u017cszym. Telefony i tablety z Androidem posiadaj\u0105ce co najmniej 2 GB pami\u0119ci RAM i system Android 8.0 lub nowszy r\u00f3wnie\u017c b\u0119d\u0105 dzia\u0142a\u0107. U\u017cytkownicy komputer\u00f3w powinni u\u017cywa\u0107 najnowszych wersji Chrome, Firefox, Safari lub Edge.<\/p>\n<p>Aplikacja automatycznie dostosowuje jako\u015b\u0107 grafiki w zale\u017cno\u015bci od urz\u0105dzenia i szybko\u015bci po\u0142\u0105czenia internetowego. Ta inteligentna optymalizacja zapewnia, \u017ce nawet urz\u0105dzenia ze \u015bredniej p\u00f3\u0142ki mog\u0105 gra\u0107 p\u0142ynnie, a najwy\u017cszej klasy telefony i tablety otrzymuj\u0105 lepsze efekty wizualne.<\/p>\n<h2>FAQ<\/h2>\n<h3>Czy mo\u017cna korzysta\u0107 z aplikacji Casinobossy bez pobierania czegokolwiek ze sklepu z aplikacjami?<\/h3>\n<p>Mo\u017cesz skonfigurowa\u0107 progresywn\u0105 aplikacj\u0119 internetow\u0105 Casinobossy bezpo\u015brednio z przegl\u0105darki. Po prostu post\u0119puj zgodnie z instrukcjami dla swojego urz\u0105dzenia, aby doda\u0107 stron\u0119 internetow\u0105 do ekranu g\u0142\u00f3wnego. B\u0119dziesz mia\u0142 do niej natychmiastowy dost\u0119p bez konieczno\u015bci pobierania ze sklepu z aplikacjami.<\/p>\n<h3>Czy aplikacja synchronizuje m\u00f3j post\u0119p mi\u0119dzy r\u00f3\u017cnymi urz\u0105dzeniami?<\/h3>\n<p>Twoje dane konta, historia gier i saldo portfela automatycznie synchronizuj\u0105 si\u0119 na wszystkich urz\u0105dzeniach, na kt\u00f3rych si\u0119 logujesz. Rozpocznij sesj\u0119 gry na telefonie i kontynuuj j\u0105 bezproblemowo na komputerze bez \u017cadnych r\u0119cznych transfer\u00f3w.<\/p>\n<h3>Czy aplikacja b\u0119dzie dzia\u0142a\u0107 na starszych urz\u0105dzeniach?<\/h3>\n<p>Urz\u0105dzenia z ostatnich pi\u0119ciu lat zazwyczaj zapewniaj\u0105 doskona\u0142\u0105 wydajno\u015b\u0107. Starsze modele mog\u0105 potrzebowa\u0107 wi\u0119cej czasu na \u0142adowanie lub mie\u0107 ni\u017csz\u0105 jako\u015b\u0107 grafiki, ale wi\u0119kszo\u015b\u0107 smartfon\u00f3w i komputer\u00f3w z ostatnich kilku lat nadal obs\u0142uguje podstawowe funkcje rozgrywki.<\/p>\n<\/div><\/div><\/p>\n<p>&nbsp;<\/p>\n","protected":false},"excerpt":{"rendered":"<p>Aplikacja Casinobossy na urz\u0105dzenia mobilne i komputery Casinobossy app pozwala gra\u0107 we wszystkie ulubione gry kasynowe na telefonie, tablecie lub komputerze, niezale\u017cnie od preferencji. Mo\u017cesz od razu uzyska\u0107 dost\u0119p do ulubionych gier dzi\u0119ki progresywnej aplikacji internetowej, kt\u00f3ra dzia\u0142a perfekcyjnie na wszystkich platformach. Twoje konto i post\u0119py automatycznie synchronizuj\u0105 si\u0119 mi\u0119dzy urz\u0105dzeniami, wi\u0119c mo\u017cesz gra\u0107 w [&hellip;]<\/p>\n","protected":false},"author":1,"featured_media":0,"parent":0,"menu_order":0,"comment_status":"closed","ping_status":"closed","template":"template-builder.php","meta":{"_acf_changed":false,"inline_featured_image":false,"footnotes":""},"class_list":["post-1424","page","type-page","status-publish","hentry"],"acf":[],"yoast_head":"<!-- This site is optimized with the Yoast SEO plugin v27.3 - https:\/\/yoast.com\/product\/yoast-seo-wordpress\/ -->\n<title>Casinobossy App | Pobierz na iOS i Androida<\/title>\n<meta name=\"description\" content=\"Dzi\u0119ki Casino Bossy app Twoja pe\u0142na biblioteka gier jest zawsze w Twojej kieszeni. Graj w tysi\u0105ce gier z natychmiastowym dost\u0119pem, niezawodn\u0105 bankowo\u015bci\u0105 w aplikacji i ca\u0142odobow\u0105 obs\u0142ug\u0105 klienta.\" \/>\n<meta name=\"robots\" content=\"index, follow, max-snippet:-1, max-image-preview:large, max-video-preview:-1\" \/>\n<link rel=\"canonical\" href=\"https:\/\/thecasinobossy.com\/pl\/aplikacja\/\" \/>\n<meta property=\"og:locale\" content=\"pl_PL\" \/>\n<meta property=\"og:type\" content=\"article\" \/>\n<meta property=\"og:title\" content=\"Casinobossy App | Pobierz na iOS i Androida\" \/>\n<meta property=\"og:description\" content=\"Dzi\u0119ki Casino Bossy app Twoja pe\u0142na biblioteka gier jest zawsze w Twojej kieszeni. Graj w tysi\u0105ce gier z natychmiastowym dost\u0119pem, niezawodn\u0105 bankowo\u015bci\u0105 w aplikacji i ca\u0142odobow\u0105 obs\u0142ug\u0105 klienta.\" \/>\n<meta property=\"og:url\" content=\"https:\/\/thecasinobossy.com\/pl\/aplikacja\/\" \/>\n<meta property=\"og:site_name\" content=\"casinobossy\" \/>\n<meta property=\"article:modified_time\" content=\"2026-01-12T12:47:42+00:00\" \/>\n<meta name=\"twitter:card\" content=\"summary_large_image\" \/>\n<meta name=\"twitter:label1\" content=\"Est. reading time\" \/>\n\t<meta name=\"twitter:data1\" content=\"1 minuta\" \/>\n<script type=\"application\/ld+json\" class=\"yoast-schema-graph\">{\"@context\":\"https:\\\/\\\/schema.org\",\"@graph\":[{\"@type\":\"WebPage\",\"@id\":\"https:\\\/\\\/thecasinobossy.com\\\/pl\\\/aplikacja\\\/\",\"url\":\"https:\\\/\\\/thecasinobossy.com\\\/pl\\\/aplikacja\\\/\",\"name\":\"Casinobossy App | Pobierz na iOS i Androida\",\"isPartOf\":{\"@id\":\"https:\\\/\\\/thecasinobossy.com\\\/pl\\\/#website\"},\"datePublished\":\"2026-01-12T09:45:31+00:00\",\"dateModified\":\"2026-01-12T12:47:42+00:00\",\"description\":\"Dzi\u0119ki Casino Bossy app Twoja pe\u0142na biblioteka gier jest zawsze w Twojej kieszeni. Graj w tysi\u0105ce gier z natychmiastowym dost\u0119pem, niezawodn\u0105 bankowo\u015bci\u0105 w aplikacji i ca\u0142odobow\u0105 obs\u0142ug\u0105 klienta.\",\"breadcrumb\":{\"@id\":\"https:\\\/\\\/thecasinobossy.com\\\/pl\\\/aplikacja\\\/#breadcrumb\"},\"inLanguage\":\"pl-PL\",\"potentialAction\":[{\"@type\":\"ReadAction\",\"target\":[\"https:\\\/\\\/thecasinobossy.com\\\/pl\\\/aplikacja\\\/\"]}]},{\"@type\":\"BreadcrumbList\",\"@id\":\"https:\\\/\\\/thecasinobossy.com\\\/pl\\\/aplikacja\\\/#breadcrumb\",\"itemListElement\":[{\"@type\":\"ListItem\",\"position\":1,\"name\":\"Casinobossy\",\"item\":\"https:\\\/\\\/thecasinobossy.com\\\/pl\\\/\"},{\"@type\":\"ListItem\",\"position\":2,\"name\":\"Aplikacja\"}]},{\"@type\":\"WebSite\",\"@id\":\"https:\\\/\\\/thecasinobossy.com\\\/pl\\\/#website\",\"url\":\"https:\\\/\\\/thecasinobossy.com\\\/pl\\\/\",\"name\":\"Casinobossy\",\"description\":\"\",\"publisher\":{\"@id\":\"https:\\\/\\\/thecasinobossy.com\\\/pl\\\/#organization\"},\"potentialAction\":[{\"@type\":\"SearchAction\",\"target\":{\"@type\":\"EntryPoint\",\"urlTemplate\":\"https:\\\/\\\/thecasinobossy.com\\\/pl\\\/?s={search_term_string}\"},\"query-input\":{\"@type\":\"PropertyValueSpecification\",\"valueRequired\":true,\"valueName\":\"search_term_string\"}}],\"inLanguage\":\"pl-PL\"},{\"@type\":\"Organization\",\"@id\":\"https:\\\/\\\/thecasinobossy.com\\\/pl\\\/#organization\",\"name\":\"Casinobossy\",\"url\":\"https:\\\/\\\/thecasinobossy.com\\\/pl\\\/\",\"logo\":{\"@type\":\"ImageObject\",\"inLanguage\":\"pl-PL\",\"@id\":\"https:\\\/\\\/thecasinobossy.com\\\/pl\\\/#\\\/schema\\\/logo\\\/image\\\/\",\"url\":\"https:\\\/\\\/thecasinobossy.com\\\/wp-content\\\/uploads\\\/2026\\\/01\\\/Casinobossy-logo.svg\",\"contentUrl\":\"https:\\\/\\\/thecasinobossy.com\\\/wp-content\\\/uploads\\\/2026\\\/01\\\/Casinobossy-logo.svg\",\"width\":94,\"height\":20,\"caption\":\"Casinobossy\"},\"image\":{\"@id\":\"https:\\\/\\\/thecasinobossy.com\\\/pl\\\/#\\\/schema\\\/logo\\\/image\\\/\"}}]}<\/script>\n<!-- \/ Yoast SEO plugin. -->","yoast_head_json":{"title":"Casinobossy App | Pobierz na iOS i Androida","description":"Dzi\u0119ki Casino Bossy app Twoja pe\u0142na biblioteka gier jest zawsze w Twojej kieszeni. Graj w tysi\u0105ce gier z natychmiastowym dost\u0119pem, niezawodn\u0105 bankowo\u015bci\u0105 w aplikacji i ca\u0142odobow\u0105 obs\u0142ug\u0105 klienta.","robots":{"index":"index","follow":"follow","max-snippet":"max-snippet:-1","max-image-preview":"max-image-preview:large","max-video-preview":"max-video-preview:-1"},"canonical":"https:\/\/thecasinobossy.com\/pl\/aplikacja\/","og_locale":"pl_PL","og_type":"article","og_title":"Casinobossy App | Pobierz na iOS i Androida","og_description":"Dzi\u0119ki Casino Bossy app Twoja pe\u0142na biblioteka gier jest zawsze w Twojej kieszeni. Graj w tysi\u0105ce gier z natychmiastowym dost\u0119pem, niezawodn\u0105 bankowo\u015bci\u0105 w aplikacji i ca\u0142odobow\u0105 obs\u0142ug\u0105 klienta.","og_url":"https:\/\/thecasinobossy.com\/pl\/aplikacja\/","og_site_name":"casinobossy","article_modified_time":"2026-01-12T12:47:42+00:00","twitter_card":"summary_large_image","twitter_misc":{"Est. reading time":"1 minuta"},"schema":{"@context":"https:\/\/schema.org","@graph":[{"@type":"WebPage","@id":"https:\/\/thecasinobossy.com\/pl\/aplikacja\/","url":"https:\/\/thecasinobossy.com\/pl\/aplikacja\/","name":"Casinobossy App | Pobierz na iOS i Androida","isPartOf":{"@id":"https:\/\/thecasinobossy.com\/pl\/#website"},"datePublished":"2026-01-12T09:45:31+00:00","dateModified":"2026-01-12T12:47:42+00:00","description":"Dzi\u0119ki Casino Bossy app Twoja pe\u0142na biblioteka gier jest zawsze w Twojej kieszeni. Graj w tysi\u0105ce gier z natychmiastowym dost\u0119pem, niezawodn\u0105 bankowo\u015bci\u0105 w aplikacji i ca\u0142odobow\u0105 obs\u0142ug\u0105 klienta.","breadcrumb":{"@id":"https:\/\/thecasinobossy.com\/pl\/aplikacja\/#breadcrumb"},"inLanguage":"pl-PL","potentialAction":[{"@type":"ReadAction","target":["https:\/\/thecasinobossy.com\/pl\/aplikacja\/"]}]},{"@type":"BreadcrumbList","@id":"https:\/\/thecasinobossy.com\/pl\/aplikacja\/#breadcrumb","itemListElement":[{"@type":"ListItem","position":1,"name":"Casinobossy","item":"https:\/\/thecasinobossy.com\/pl\/"},{"@type":"ListItem","position":2,"name":"Aplikacja"}]},{"@type":"WebSite","@id":"https:\/\/thecasinobossy.com\/pl\/#website","url":"https:\/\/thecasinobossy.com\/pl\/","name":"Casinobossy","description":"","publisher":{"@id":"https:\/\/thecasinobossy.com\/pl\/#organization"},"potentialAction":[{"@type":"SearchAction","target":{"@type":"EntryPoint","urlTemplate":"https:\/\/thecasinobossy.com\/pl\/?s={search_term_string}"},"query-input":{"@type":"PropertyValueSpecification","valueRequired":true,"valueName":"search_term_string"}}],"inLanguage":"pl-PL"},{"@type":"Organization","@id":"https:\/\/thecasinobossy.com\/pl\/#organization","name":"Casinobossy","url":"https:\/\/thecasinobossy.com\/pl\/","logo":{"@type":"ImageObject","inLanguage":"pl-PL","@id":"https:\/\/thecasinobossy.com\/pl\/#\/schema\/logo\/image\/","url":"https:\/\/thecasinobossy.com\/wp-content\/uploads\/2026\/01\/Casinobossy-logo.svg","contentUrl":"https:\/\/thecasinobossy.com\/wp-content\/uploads\/2026\/01\/Casinobossy-logo.svg","width":94,"height":20,"caption":"Casinobossy"},"image":{"@id":"https:\/\/thecasinobossy.com\/pl\/#\/schema\/logo\/image\/"}}]}},"_links":{"self":[{"href":"https:\/\/thecasinobossy.com\/pl\/wp-json\/wp\/v2\/pages\/1424","targetHints":{"allow":["GET"]}}],"collection":[{"href":"https:\/\/thecasinobossy.com\/pl\/wp-json\/wp\/v2\/pages"}],"about":[{"href":"https:\/\/thecasinobossy.com\/pl\/wp-json\/wp\/v2\/types\/page"}],"author":[{"embeddable":true,"href":"https:\/\/thecasinobossy.com\/pl\/wp-json\/wp\/v2\/users\/1"}],"replies":[{"embeddable":true,"href":"https:\/\/thecasinobossy.com\/pl\/wp-json\/wp\/v2\/comments?post=1424"}],"version-history":[{"count":2,"href":"https:\/\/thecasinobossy.com\/pl\/wp-json\/wp\/v2\/pages\/1424\/revisions"}],"predecessor-version":[{"id":1757,"href":"https:\/\/thecasinobossy.com\/pl\/wp-json\/wp\/v2\/pages\/1424\/revisions\/1757"}],"wp:attachment":[{"href":"https:\/\/thecasinobossy.com\/pl\/wp-json\/wp\/v2\/media?parent=1424"}],"curies":[{"name":"wp","href":"https:\/\/api.w.org\/{rel}","templated":true}]}}